{"id":1349,"date":"2020-07-22T14:44:06","date_gmt":"2020-07-22T14:44:06","guid":{"rendered":"https:\/\/seksuaaltervis.ee\/estl\/taname"},"modified":"2021-11-18T08:43:54","modified_gmt":"2021-11-18T08:43:54","slug":"taname","status":"publish","type":"page","link":"https:\/\/estl.ee\/ru\/taname\/","title":{"rendered":"T\u00e4name!"},"content":{"rendered":"\n<p>Juhul, kui vastus ei ole Teieni j\u00f5udnud 3 p\u00e4eva m\u00f6\u00f6dudes, palun andke teada&nbsp;<a href=\"mailto:amor@estl.ee\">seksuaaltervis@estl.ee<\/a>, et olla kindel, et e-maili aadress oleks \u00f5ige ja saaksime vastuse Teieni toimetada.<\/p>\n","protected":false},"excerpt":{"rendered":"<p>K\u00fcsimuse korral, mis n\u00f5uab kiiret vastust, helista palun l\u00e4himasse noorte n\u00f5ustamiskeskusesse!<\/p>\n","protected":false},"author":1,"featured_media":0,"parent":0,"menu_order":0,"comment_status":"closed","ping_status":"closed","template":"","meta":{"_acf_changed":false,"footnotes":""},"class_list":["post-1349","page","type-page","status-publish","hentry"],"acf":[],"yoast_head":"<!-- This site is optimized with the Yoast SEO plugin v25.3.1 - https:\/\/yoast.com\/wordpress\/plugins\/seo\/ -->\n<title>T\u00e4name! - Eesti Seksuaaltervise Liit<\/title>\n<meta name=\"robots\" content=\"index, follow, max-snippet:-1, max-image-preview:large, max-video-preview:-1\" \/>\n<link rel=\"canonical\" href=\"https:\/\/estl.ee\/ru\/taname\/\" \/>\n<meta property=\"og:locale\" content=\"ru_RU\" \/>\n<meta property=\"og:type\" content=\"article\" \/>\n<meta property=\"og:title\" content=\"T\u00e4name! - Eesti Seksuaaltervise Liit\" \/>\n<meta property=\"og:description\" content=\"K\u00fcsimuse korral, mis n\u00f5uab kiiret vastust, helista palun l\u00e4himasse noorte n\u00f5ustamiskeskusesse!\" \/>\n<meta property=\"og:url\" content=\"https:\/\/estl.ee\/ru\/taname\/\" \/>\n<meta property=\"og:site_name\" content=\"Eesti Seksuaaltervise Liit\" \/>\n<meta property=\"article:modified_time\" content=\"2021-11-18T08:43:54+00:00\" \/>\n<meta name=\"twitter:card\" content=\"summary_large_image\" \/>\n<script type=\"application\/ld+json\" class=\"yoast-schema-graph\">{\"@context\":\"https:\/\/schema.org\",\"@graph\":[{\"@type\":\"WebPage\",\"@id\":\"https:\/\/estl.ee\/ru\/taname\/\",\"url\":\"https:\/\/estl.ee\/ru\/taname\/\",\"name\":\"T\u00e4name! - Eesti Seksuaaltervise Liit\",\"isPartOf\":{\"@id\":\"https:\/\/estl.ee\/#website\"},\"datePublished\":\"2020-07-22T14:44:06+00:00\",\"dateModified\":\"2021-11-18T08:43:54+00:00\",\"breadcrumb\":{\"@id\":\"https:\/\/estl.ee\/ru\/taname\/#breadcrumb\"},\"inLanguage\":\"ru-RU\",\"potentialAction\":[{\"@type\":\"ReadAction\",\"target\":[\"https:\/\/estl.ee\/ru\/taname\/\"]}]},{\"@type\":\"BreadcrumbList\",\"@id\":\"https:\/\/estl.ee\/ru\/taname\/#breadcrumb\",\"itemListElement\":[{\"@type\":\"ListItem\",\"position\":1,\"name\":\"Home\",\"item\":\"https:\/\/estl.ee\/\"},{\"@type\":\"ListItem\",\"position\":2,\"name\":\"T\u00e4name!\"}]},{\"@type\":\"WebSite\",\"@id\":\"https:\/\/estl.ee\/#website\",\"url\":\"https:\/\/estl.ee\/\",\"name\":\"Eesti Seksuaaltervise Liit\",\"description\":\"Eesti Seksuaaltervise Liit on seksuaal- ja reproduktiivtervise ja \u2013 \u00f5iguste mittetulunduslik eestkosteorganisatsioon Eestis.\",\"potentialAction\":[{\"@type\":\"SearchAction\",\"target\":{\"@type\":\"EntryPoint\",\"urlTemplate\":\"https:\/\/estl.ee\/?s={search_term_string}\"},\"query-input\":{\"@type\":\"PropertyValueSpecification\",\"valueRequired\":true,\"valueName\":\"search_term_string\"}}],\"inLanguage\":\"ru-RU\"}]}<\/script>\n<!-- \/ Yoast SEO plugin. -->","yoast_head_json":{"title":"T\u00e4name! - Eesti Seksuaaltervise Liit","robots":{"index":"index","follow":"follow","max-snippet":"max-snippet:-1","max-image-preview":"max-image-preview:large","max-video-preview":"max-video-preview:-1"},"canonical":"https:\/\/estl.ee\/ru\/taname\/","og_locale":"ru_RU","og_type":"article","og_title":"T\u00e4name! - Eesti Seksuaaltervise Liit","og_description":"K\u00fcsimuse korral, mis n\u00f5uab kiiret vastust, helista palun l\u00e4himasse noorte n\u00f5ustamiskeskusesse!","og_url":"https:\/\/estl.ee\/ru\/taname\/","og_site_name":"Eesti Seksuaaltervise Liit","article_modified_time":"2021-11-18T08:43:54+00:00","twitter_card":"summary_large_image","schema":{"@context":"https:\/\/schema.org","@graph":[{"@type":"WebPage","@id":"https:\/\/estl.ee\/ru\/taname\/","url":"https:\/\/estl.ee\/ru\/taname\/","name":"T\u00e4name! - Eesti Seksuaaltervise Liit","isPartOf":{"@id":"https:\/\/estl.ee\/#website"},"datePublished":"2020-07-22T14:44:06+00:00","dateModified":"2021-11-18T08:43:54+00:00","breadcrumb":{"@id":"https:\/\/estl.ee\/ru\/taname\/#breadcrumb"},"inLanguage":"ru-RU","potentialAction":[{"@type":"ReadAction","target":["https:\/\/estl.ee\/ru\/taname\/"]}]},{"@type":"BreadcrumbList","@id":"https:\/\/estl.ee\/ru\/taname\/#breadcrumb","itemListElement":[{"@type":"ListItem","position":1,"name":"Home","item":"https:\/\/estl.ee\/"},{"@type":"ListItem","position":2,"name":"T\u00e4name!"}]},{"@type":"WebSite","@id":"https:\/\/estl.ee\/#website","url":"https:\/\/estl.ee\/","name":"Eesti Seksuaaltervise Liit","description":"Eesti Seksuaaltervise Liit on seksuaal- ja reproduktiivtervise ja \u2013 \u00f5iguste mittetulunduslik eestkosteorganisatsioon Eestis.","potentialAction":[{"@type":"SearchAction","target":{"@type":"EntryPoint","urlTemplate":"https:\/\/estl.ee\/?s={search_term_string}"},"query-input":{"@type":"PropertyValueSpecification","valueRequired":true,"valueName":"search_term_string"}}],"inLanguage":"ru-RU"}]}},"_links":{"self":[{"href":"https:\/\/estl.ee\/ru\/wp-json\/wp\/v2\/pages\/1349","targetHints":{"allow":["GET"]}}],"collection":[{"href":"https:\/\/estl.ee\/ru\/wp-json\/wp\/v2\/pages"}],"about":[{"href":"https:\/\/estl.ee\/ru\/wp-json\/wp\/v2\/types\/page"}],"author":[{"embeddable":true,"href":"https:\/\/estl.ee\/ru\/wp-json\/wp\/v2\/users\/1"}],"replies":[{"embeddable":true,"href":"https:\/\/estl.ee\/ru\/wp-json\/wp\/v2\/comments?post=1349"}],"version-history":[{"count":3,"href":"https:\/\/estl.ee\/ru\/wp-json\/wp\/v2\/pages\/1349\/revisions"}],"predecessor-version":[{"id":15801,"href":"https:\/\/estl.ee\/ru\/wp-json\/wp\/v2\/pages\/1349\/revisions\/15801"}],"wp:attachment":[{"href":"https:\/\/estl.ee\/ru\/wp-json\/wp\/v2\/media?parent=1349"}],"curies":[{"name":"wp","href":"https:\/\/api.w.org\/{rel}","templated":true}]}}