{"id":1345,"date":"2020-08-04T12:09:11","date_gmt":"2020-08-04T12:09:11","guid":{"rendered":"https:\/\/seksuaaltervis.ee\/estl\/uus-pohiteema"},"modified":"2020-08-04T12:09:11","modified_gmt":"2020-08-04T12:09:11","slug":"uus-pohiteema","status":"publish","type":"page","link":"https:\/\/estl.ee\/ru\/uus-pohiteema\/","title":{"rendered":"Uus p\u00f5hiteema"},"content":{"rendered":"\n<p>T\u00e4nap\u00e4evaste arusaamade j\u00e4rgi v\u00f5ib eneserahuldamist v\u00f5ib pidada nii meeste (poiste) kui naiste (t\u00fcdrukute) seas t\u00e4iesti loomulikuks tegevuseks, mille k\u00e4igus saab iga inimene end paremini tundma \u00f5ppida, millega teadaolevalt ei kaasne mingeid vigastusi (ei mingeid suguelundite talitush\u00e4ireid vms) ega negatiivseid k\u00f5rvaltoimeid. Positiivne on eneserahuldamise juures see, et soovimatu raseduse v\u00f5i sugulisel teel levivate haiguste risk on siin v\u00e4listatud. Korduval eneserahuldamisel ei ole samuti teadaolevaid negatiivseid k\u00f5rvaltoimeid. Kui aga r\u00e4\u00e4kida v\u00e4ga segedasest eneserahuldamisest, st kui see muutub p\u00e4ris s\u00f5ltuvuseks v\u00f5i kinnism\u00f5tteks siis v\u00f5iks n\u00f5u pidada noorte n\u00f5ustamiskeskuse meestearsti v\u00f5i ps\u00fchholoogiga. Eneserahuldamine tekitab teatava turvatunde ja m\u00f5nikord v\u00f5ib inimene enda probleemide lahendamise hoopis sagedase eneserahuldamisega asendada. Eneserahuldamise kohta v\u00f5id veel l\u00e4hemalt lugeda amor.ee lehelt. Juhul kui on soovi kas sellel v\u00f5i m\u00f5nel muul teemal spetsialistiga l\u00e4hemalt r\u00e4\u00e4kida v\u00f5i n\u00f5u pidada, siis leiad noorte n\u00f5ustamiskeskuste kontaktid vastuskirja alt.<\/p>\n\n\n\n<p>T\u00e4nap\u00e4evaste arusaamade j\u00e4rgi v\u00f5ib eneserahuldamist v\u00f5ib pidada nii meeste (poiste) kui naiste (t\u00fcdrukute) seas t\u00e4iesti loomulikuks tegevuseks, mille k\u00e4igus saab iga inimene end paremini tundma \u00f5ppida, millega teadaolevalt ei kaasne mingeid vigastusi (ei mingeid suguelundite talitush\u00e4ireid vms) ega negatiivseid k\u00f5rvaltoimeid. Positiivne on eneserahuldamise juures see, et soovimatu raseduse v\u00f5i sugulisel teel levivate haiguste risk on siin v\u00e4listatud. Korduval eneserahuldamisel ei ole samuti teadaolevaid negatiivseid k\u00f5rvaltoimeid. Kui aga r\u00e4\u00e4kida v\u00e4ga segedasest eneserahuldamisest, st kui see muutub p\u00e4ris s\u00f5ltuvuseks v\u00f5i kinnism\u00f5tteks siis v\u00f5iks n\u00f5u pidada noorte n\u00f5ustamiskeskuse meestearsti v\u00f5i ps\u00fchholoogiga. Eneserahuldamine tekitab teatava turvatunde ja m\u00f5nikord v\u00f5ib inimene enda probleemide lahendamise hoopis sagedase eneserahuldamisega asendada. Eneserahuldamise kohta v\u00f5id veel l\u00e4hemalt lugeda amor.ee lehelt. Juhul kui on soovi kas sellel v\u00f5i m\u00f5nel muul teemal spetsialistiga l\u00e4hemalt r\u00e4\u00e4kida v\u00f5i n\u00f5u pidada, siis leiad noorte n\u00f5ustamiskeskuste kontaktid vastuskirja alt.<\/p>\n\n\n\n<ul class=\"wp-block-list\"><li>n\u00f5ustamiskeskuste kontaktid vastuskirja alt.<\/li><li>n\u00f5ustamiskeskuste kontaktid vastuskirja alt.<\/li><li>n\u00f5ustamiskeskuste kontaktid vastuskirja alt.<\/li><li>n\u00f5ustamiskeskuste kontaktid vastuskirja alt.<\/li><li>n\u00f5ustamiskeskuste kontaktid vastuskirja alt.<\/li><\/ul>\n\n\n\n<h2 class=\"wp-block-heading\">Vahepealkiri<\/h2>\n\n\n\n<p>eneserahuldamisega asendada. Eneserahuldamise kohta v\u00f5id veel l\u00e4hemalt lugeda amor.ee lehelt. Juhul kui on soovi kas sellel v\u00f5i m\u00f5nel muul teemal spetsialistiga l\u00e4hemalt r\u00e4\u00e4kida v\u00f5i n\u00f5u pidada, siis leiad noorte n\u00f5ustamiskeskuste kontaktid vastuskirja alt.<\/p>\n\n\n\n<p>eneserahuldamisega asendada. Eneserahuldamise kohta v\u00f5id veel l\u00e4hemalt lugeda amor.ee lehelt. Juhul kui on soovi kas sellel v\u00f5i m\u00f5nel muul teemal spetsialistiga l\u00e4hemalt r\u00e4\u00e4kida v\u00f5i n\u00f5u pidada, siis leiad noorte n\u00f5ustamiskeskuste kontaktid vastuskirja alt.<\/p>\n","protected":false},"excerpt":{"rendered":"<p>V\u00e4ike kirjeldus<\/p>\n","protected":false},"author":1,"featured_media":0,"parent":0,"menu_order":0,"comment_status":"closed","ping_status":"closed","template":"","meta":{"_acf_changed":false,"footnotes":""},"class_list":["post-1345","page","type-page","status-publish","hentry"],"acf":[],"yoast_head":"<!-- This site is optimized with the Yoast SEO plugin v25.3.1 - https:\/\/yoast.com\/wordpress\/plugins\/seo\/ -->\n<title>Uus p\u00f5hiteema - Eesti Seksuaaltervise Liit<\/title>\n<meta name=\"robots\" content=\"index, follow, max-snippet:-1, max-image-preview:large, max-video-preview:-1\" \/>\n<link rel=\"canonical\" href=\"https:\/\/estl.ee\/uus-pohiteema\/\" \/>\n<meta property=\"og:locale\" content=\"ru_RU\" \/>\n<meta property=\"og:type\" content=\"article\" \/>\n<meta property=\"og:title\" content=\"Uus p\u00f5hiteema - Eesti Seksuaaltervise Liit\" \/>\n<meta property=\"og:description\" content=\"V\u00e4ike kirjeldus\" \/>\n<meta property=\"og:url\" content=\"https:\/\/estl.ee\/uus-pohiteema\/\" \/>\n<meta property=\"og:site_name\" content=\"Eesti Seksuaaltervise Liit\" \/>\n<meta name=\"twitter:card\" content=\"summary_large_image\" \/>\n<meta name=\"twitter:label1\" content=\"\u041f\u0440\u0438\u043c\u0435\u0440\u043d\u043e\u0435 \u0432\u0440\u0435\u043c\u044f \u0434\u043b\u044f \u0447\u0442\u0435\u043d\u0438\u044f\" \/>\n\t<meta name=\"twitter:data1\" content=\"2 \u043c\u0438\u043d\u0443\u0442\u044b\" \/>\n<script type=\"application\/ld+json\" class=\"yoast-schema-graph\">{\"@context\":\"https:\/\/schema.org\",\"@graph\":[{\"@type\":\"WebPage\",\"@id\":\"https:\/\/estl.ee\/uus-pohiteema\/\",\"url\":\"https:\/\/estl.ee\/uus-pohiteema\/\",\"name\":\"Uus p\u00f5hiteema - Eesti Seksuaaltervise Liit\",\"isPartOf\":{\"@id\":\"https:\/\/estl.ee\/#website\"},\"datePublished\":\"2020-08-04T12:09:11+00:00\",\"breadcrumb\":{\"@id\":\"https:\/\/estl.ee\/uus-pohiteema\/#breadcrumb\"},\"inLanguage\":\"ru-RU\",\"potentialAction\":[{\"@type\":\"ReadAction\",\"target\":[\"https:\/\/estl.ee\/uus-pohiteema\/\"]}]},{\"@type\":\"BreadcrumbList\",\"@id\":\"https:\/\/estl.ee\/uus-pohiteema\/#breadcrumb\",\"itemListElement\":[{\"@type\":\"ListItem\",\"position\":1,\"name\":\"Home\",\"item\":\"https:\/\/estl.ee\/\"},{\"@type\":\"ListItem\",\"position\":2,\"name\":\"Uus p\u00f5hiteema\"}]},{\"@type\":\"WebSite\",\"@id\":\"https:\/\/estl.ee\/#website\",\"url\":\"https:\/\/estl.ee\/\",\"name\":\"Eesti Seksuaaltervise Liit\",\"description\":\"Eesti Seksuaaltervise Liit on seksuaal- ja reproduktiivtervise ja \u2013 \u00f5iguste mittetulunduslik eestkosteorganisatsioon Eestis.\",\"potentialAction\":[{\"@type\":\"SearchAction\",\"target\":{\"@type\":\"EntryPoint\",\"urlTemplate\":\"https:\/\/estl.ee\/?s={search_term_string}\"},\"query-input\":{\"@type\":\"PropertyValueSpecification\",\"valueRequired\":true,\"valueName\":\"search_term_string\"}}],\"inLanguage\":\"ru-RU\"}]}<\/script>\n<!-- \/ Yoast SEO plugin. -->","yoast_head_json":{"title":"Uus p\u00f5hiteema - Eesti Seksuaaltervise Liit","robots":{"index":"index","follow":"follow","max-snippet":"max-snippet:-1","max-image-preview":"max-image-preview:large","max-video-preview":"max-video-preview:-1"},"canonical":"https:\/\/estl.ee\/uus-pohiteema\/","og_locale":"ru_RU","og_type":"article","og_title":"Uus p\u00f5hiteema - Eesti Seksuaaltervise Liit","og_description":"V\u00e4ike kirjeldus","og_url":"https:\/\/estl.ee\/uus-pohiteema\/","og_site_name":"Eesti Seksuaaltervise Liit","twitter_card":"summary_large_image","twitter_misc":{"\u041f\u0440\u0438\u043c\u0435\u0440\u043d\u043e\u0435 \u0432\u0440\u0435\u043c\u044f \u0434\u043b\u044f \u0447\u0442\u0435\u043d\u0438\u044f":"2 \u043c\u0438\u043d\u0443\u0442\u044b"},"schema":{"@context":"https:\/\/schema.org","@graph":[{"@type":"WebPage","@id":"https:\/\/estl.ee\/uus-pohiteema\/","url":"https:\/\/estl.ee\/uus-pohiteema\/","name":"Uus p\u00f5hiteema - Eesti Seksuaaltervise Liit","isPartOf":{"@id":"https:\/\/estl.ee\/#website"},"datePublished":"2020-08-04T12:09:11+00:00","breadcrumb":{"@id":"https:\/\/estl.ee\/uus-pohiteema\/#breadcrumb"},"inLanguage":"ru-RU","potentialAction":[{"@type":"ReadAction","target":["https:\/\/estl.ee\/uus-pohiteema\/"]}]},{"@type":"BreadcrumbList","@id":"https:\/\/estl.ee\/uus-pohiteema\/#breadcrumb","itemListElement":[{"@type":"ListItem","position":1,"name":"Home","item":"https:\/\/estl.ee\/"},{"@type":"ListItem","position":2,"name":"Uus p\u00f5hiteema"}]},{"@type":"WebSite","@id":"https:\/\/estl.ee\/#website","url":"https:\/\/estl.ee\/","name":"Eesti Seksuaaltervise Liit","description":"Eesti Seksuaaltervise Liit on seksuaal- ja reproduktiivtervise ja \u2013 \u00f5iguste mittetulunduslik eestkosteorganisatsioon Eestis.","potentialAction":[{"@type":"SearchAction","target":{"@type":"EntryPoint","urlTemplate":"https:\/\/estl.ee\/?s={search_term_string}"},"query-input":{"@type":"PropertyValueSpecification","valueRequired":true,"valueName":"search_term_string"}}],"inLanguage":"ru-RU"}]}},"_links":{"self":[{"href":"https:\/\/estl.ee\/ru\/wp-json\/wp\/v2\/pages\/1345","targetHints":{"allow":["GET"]}}],"collection":[{"href":"https:\/\/estl.ee\/ru\/wp-json\/wp\/v2\/pages"}],"about":[{"href":"https:\/\/estl.ee\/ru\/wp-json\/wp\/v2\/types\/page"}],"author":[{"embeddable":true,"href":"https:\/\/estl.ee\/ru\/wp-json\/wp\/v2\/users\/1"}],"replies":[{"embeddable":true,"href":"https:\/\/estl.ee\/ru\/wp-json\/wp\/v2\/comments?post=1345"}],"version-history":[{"count":0,"href":"https:\/\/estl.ee\/ru\/wp-json\/wp\/v2\/pages\/1345\/revisions"}],"wp:attachment":[{"href":"https:\/\/estl.ee\/ru\/wp-json\/wp\/v2\/media?parent=1345"}],"curies":[{"name":"wp","href":"https:\/\/api.w.org\/{rel}","templated":true}]}}