{"id":1333,"date":"2020-08-25T13:08:40","date_gmt":"2020-08-25T13:08:40","guid":{"rendered":"https:\/\/seksuaaltervis.ee\/estl\/koolitused"},"modified":"2025-06-11T12:06:57","modified_gmt":"2025-06-11T09:06:57","slug":"koolitused","status":"publish","type":"page","link":"https:\/\/estl.ee\/ru\/koolitused\/","title":{"rendered":"Koolitused"},"content":{"rendered":"\n<p>ESTL-i on koolitusvaldkonnas tegutsenud alates 1995. aastast, mil hakati l\u00e4bi viima seksuaalhariduse teemalisi koolitusi nii noortele kui t\u00e4iskasvanutele. Koolitused on oma \u00fclesehituselt interaktiivsed ning kaasa m\u00f5tlema ja arutama kutsuvad.<br><br>T\u00f6\u00f6 noortega on meie jaoks oluline olnud Liidu asutamisest saadik. Aitame noortel teadvustada oma seksuaal\u00f5igustest ja teha seel\u00e4bi informeeritumaid valikuid elus. Panustades noorte seksuaalharidusse (juhindudes Maailma Terviseorganisatsiooni Euroopa (WHO) regiooni\u00a0<a href=\"https:\/\/lft.ee\/admin\/upload\/files\/WHO_Euroopa_seksuaalhariduse_standardid.pdf\" target=\"_blank\" rel=\"noreferrer noopener\">holistilise seksuaalhariduse<\/a>\u00a0ja noortele suunatud seksuaalterviseteenustesse (tasuta noorte n\u00f5ustamiskeskused), aitame kaasa sellele, et kasvaksid senisest tervemad ja \u00f5nnelikumad p\u00f5lvkonnad.<\/p>\n\n\n\n<p><\/p>\n\n\n\n<p><strong>Eesti Seksuaaltervise Liidu poolt korraldatav seksuaalharidus toetub j\u00e4rgmistele p\u00f5him\u00f5tetele.<\/strong><\/p>\n\n\n\n<p>1. Seksuaalharidus on arengu- ja eakohane, samuti v\u00f5tab see arvesse kultuurilist ja sotsiaalset keskkonda ning on sootundlik.<br>2. Seksuaalhariduse keskmes on seksuaal- ja reproduktiiv\u00f5igused.<br>3. Seksuaalharidus p\u00f5hineb terviklikul heaolu kontseptsioonil, ms h\u00f5lmab ka tervist.<br>4. Seksuaalharidus p\u00f5hineb soolisel v\u00f5rd\u00f5iguslikkuse p\u00f5him\u00f5ttel, enesem\u00e4\u00e4ramisel ja erinevuste aktsepteerimisel.<br>5. Seksuaalharidus algab s\u00fcnnist.<br>6. Seksuaalharidust tuleb m\u00f5ista kui panust \u00f5iglase ja kaastundliku \u00fchiskonna heaks, v\u00f5imestades \u00fcksikisikuid ja kogukondi.<br>7. Seksuaalharidus on t\u00f5endusp\u00f5hine.&nbsp;<\/p>\n\n\n\n<p><strong>Seksuaalharidus taotleb j\u00e4rgmisi tulemusi:<\/strong><br>1. Panustamine seksuaalsuse, erinevate elustiilide, hoiakute ja v\u00e4\u00e4rtushinnangute suhtes tolerantse, avatud ja austava \u00fchiskonna arenemisse.<br>2. Austus erinevuste suhtes ning teadlikkus seksuaalsest ja soolisest identiteedist ning soonormidest.<br>3. Inimeste v\u00f5imestamine tegemaks teadlikke valikuid ning k\u00e4itumaks enda, teiste ja oma partneri suhtes vastutustundlikult.<br>4. Teadlikkus ja teadmised inimese keha, selle arengu ja funktsioonide kohta.<br>5. V\u00f5ime areneda seksuaalse olendina, st \u00f5ppida oma tundeid ja vajadusi v\u00e4ljendama ning kogeda seksuaalsust nauditaval moel, samuti m\u00f5ista oma seksuaalse identiteedi v\u00e4ljakujunemist.<br>6. Kohase teabe omandamine seksuaalsuse kehaliste, kognitiivsete, sotsiaalsete, emotsionaalsete ja kultuuriliste aspektide kohta, rasestumise v\u00e4ltimise kohta, seksuaalsel teel levivate infektsioonide ja HIV ennetamise kohta ning seksuaalv\u00e4givalla ennetamise kohta.<br>7. Vajalike oskuste omandamine seksuaalsuse ja suhete k\u00f5igi aspektidega toimetulemiseks.<br>8. Teabe omandamine olemasoleva seksuaaltervise alase n\u00f5ustamise ja tervishoiuteenuste kohta.<br>9. J\u00e4relem\u00f5tlemine seksuaalsuse ning erinevate normide ja v\u00e4\u00e4rtushinnangute \u00fcle seoses inim\u00f5igustega, et kujundada v\u00e4lja omaenda hoiakud.<br>10. V\u00f5ime luua (seksuaal-)suhteid, mis p\u00f5hinevad vastastikusel m\u00f5istmisel ja teineteise vajaduste ja piiride austamisel ning v\u00f5ime olla v\u00f5rdv\u00e4\u00e4rsetes suhtees. See aitab v\u00e4ltida seksuaalset v\u00e4\u00e4rkohtlemist ja v\u00e4givalda.<br>11. V\u00f5ime r\u00e4\u00e4kida seksuaalsusest, tunnetest ja suhetest ning selleks omada vajaliku s\u00f5navara olemasolu.&nbsp;<\/p>\n\n\n\n<p><strong>M\u00d5ISTED:<\/strong><\/p>\n\n\n\n<p><strong>Mis on seksuaalsus?<\/strong><br><br>Seksuaalsus on inimeseks olemise keskne aspekt kogu elu jooksul ning h\u00f5lmab sugu, sooidentiteete, seksuaalset s\u00e4ttumust, erootikat, naudingut, l\u00e4hedust ja sooj\u00e4tkamist. Seksuaalsust kogetakse ja v\u00e4ljendatakse m\u00f5tetes, fantaasiates, ihades, uskumustes, suhtumistes, v\u00e4\u00e4rtushinnangutes, k\u00e4itumises, tavades, rollides ja suhetes. Kuigi seksuaalsus v\u00f5ib h\u00f5lmata k\u00f5iki neid dimensioone, ei kogeta v\u00f5i v\u00e4ljendata alati neid k\u00f5iki. Seksuaalsust m\u00f5jutab bioloogiliste, ps\u00fchholoogiliste, sotsiaalsete, majanduslike, poliitiliste, eetiliste, \u00f5iguslike, ajalooliste, religioossete ja vaimsete tegurite koosm\u00f5ju.&nbsp;<\/p>\n\n\n\n<p><\/p>\n\n\n\n<p><strong>Mis on seksuaaltervis?<\/strong><br><br>Seksuaaltervis on seksuaalsusega seotud kehalise, emotsionaalse, vaimse ja sotsiaalse heaolu seisund; see ei ole mitte \u00fcksnes haiguse, puude v\u00f5i h\u00e4ire puudumine. Seksuaaltervis eeldab positiivset ja lugupidavat suhtumist seksuaalsusele ja seksuaalsuhetele ning v\u00f5imalust nauditavateks ja turvalisteks seksuaalkogemusteks, milles puudub sund, diskrimineerimine ja v\u00e4givald. Seksuaaltervise saavutamiseks ja alalhoidmiseks peab austama, kaitsma ja rakendama k\u00f5igi isikute seksuaal\u00f5igusi.<br><br><strong>Mis on seksuaal\u00f5igused?<\/strong><\/p>\n\n\n\n<p><a href=\"https:\/\/seksuaaltervis.ee\/estl\/ru\/info\/seksuaalsus\/seksuaaloigused\/\" target=\"_blank\" rel=\"noreferrer noopener\">Seksuaal\u00f5igused <\/a>h\u00f5lmavad inim\u00f5igusi, mida juba tunnustatakse riiklikes seadustes, rahvusvahelistes inim\u00f5iguste alastes ja muudes konsensusdokumentides. <br>Seksuaal\u00f5iguste hulka kuuluvad k\u00f5igi inimeste j\u00e4rgmised sundusest, diskrimineerimisest ja v\u00e4givallast vabad \u00f5igused:<br>\u2022 parimale seksuaaltervisele, sealhulgas juurdep\u00e4\u00e4sule seksuaal- ja reproduktiivtervise teenustele;<br>\u2022 otsida, saada ja edasi anda seksuaalsusega seotud teavet;<br>\u2022 saada seksuaalharidust;<br>\u2022 kehalisele puutumatusele;<br>\u2022 valida oma partner;<br>\u2022 otsustada, kas olla v\u00f5i mitte olla seksuaalselt aktiivne;<br>\u2022 konsensusel p\u00f5hinevatele seksuaalsuhetele;<br>\u2022 konsensusel p\u00f5hinevale abielule;<br>\u2022 otsustada, kas ja millal saada lapsi;<br>\u2022 elada rahuldustpakkuvat, turvalist ja nauditavat seksuaalelu.Inim\u00f5iguste vastutustundlik teostamine eeldab, et k\u00f5ik isikud austavad teiste \u00f5igusi.&nbsp;<br><\/p>\n\n\n\n<p><strong>Mis on seksuaalharidus?<\/strong><\/p>\n\n\n\n<p>Seksuaalharidus on \u00f5petus seksuaalsuse kognitiivsete, emotsionaalsete, sotsiaalsete, suhetega seotud ja kehaliste aspektide kohta. Seksuaalharidus algab varases lapseeas ning kestab kogu nooruki- ja t\u00e4iskasvanuea. Laste ja noorte puhul on selle eesm\u00e4rgiks toetada ja kaitsta seksuaalset arengut. See annab lastele ja noortele j\u00e4rk-j\u00e4rgult teadmised, oskused ja positiivsed hoiakud, et m\u00f5ista ja nautida oma seksuaalsust, omada turvalisi ja rikastavaid inimsuhteid ning v\u00f5tta vastutus enda ja teiste inimeste seksuaaltervise ja seksuaalse heaolu eest. See v\u00f5imaldab neil teha valikuid, mis t\u00f5stavad nende elukvaliteeti ja annavad panuse kaastundliku ja \u00f5iglase \u00fchiskonna heaks. K\u00f5igil lastel ja noortel on \u00f5igus saada eakohast seksuaalharidust. T\u00e4iskasvanute seksuaalhariduse eesm\u00e4rk on toetada ning soodustada tervist s\u00e4\u00e4stvaid ning ennast ja \u00fcmbritsevaid austavaid hoiakuid ning anda teadmisi riskik\u00e4itumise minimeerimiseks.<\/p>\n","protected":false},"excerpt":{"rendered":"<p>Eesti Seksuaaltervise Liit korraldab erinevaid koolitusi erinevatele sihtgruppidele. Vaata l\u00e4hemalt!<\/p>\n","protected":false},"author":2,"featured_media":44267,"parent":0,"menu_order":0,"comment_status":"closed","ping_status":"closed","template":"","meta":{"_acf_changed":false,"footnotes":""},"class_list":["post-1333","page","type-page","status-publish","has-post-thumbnail","hentry"],"acf":[],"yoast_head":"<!-- This site is optimized with the Yoast SEO plugin v25.3.1 - https:\/\/yoast.com\/wordpress\/plugins\/seo\/ -->\n<title>Koolitused - Eesti Seksuaaltervise Liit<\/title>\n<meta name=\"robots\" content=\"index, follow, max-snippet:-1, max-image-preview:large, max-video-preview:-1\" \/>\n<link rel=\"canonical\" href=\"https:\/\/estl.ee\/ru\/koolitused\/\" \/>\n<meta property=\"og:locale\" content=\"ru_RU\" \/>\n<meta property=\"og:type\" content=\"article\" \/>\n<meta property=\"og:title\" content=\"Koolitused - Eesti Seksuaaltervise Liit\" \/>\n<meta property=\"og:description\" content=\"Eesti Seksuaaltervise Liit korraldab erinevaid koolitusi erinevatele sihtgruppidele. Vaata l\u00e4hemalt!\" \/>\n<meta property=\"og:url\" content=\"https:\/\/estl.ee\/ru\/koolitused\/\" \/>\n<meta property=\"og:site_name\" content=\"Eesti Seksuaaltervise Liit\" \/>\n<meta property=\"article:modified_time\" content=\"2025-06-11T09:06:57+00:00\" \/>\n<meta property=\"og:image\" content=\"https:\/\/estl.ee\/wp-content\/uploads\/sites\/7\/2023\/10\/MIS-ONSEKS-copy.png\" \/>\n\t<meta property=\"og:image:width\" content=\"1640\" \/>\n\t<meta property=\"og:image:height\" content=\"924\" \/>\n\t<meta property=\"og:image:type\" content=\"image\/png\" \/>\n<meta name=\"twitter:card\" content=\"summary_large_image\" \/>\n<meta name=\"twitter:label1\" content=\"\u041f\u0440\u0438\u043c\u0435\u0440\u043d\u043e\u0435 \u0432\u0440\u0435\u043c\u044f \u0434\u043b\u044f \u0447\u0442\u0435\u043d\u0438\u044f\" \/>\n\t<meta name=\"twitter:data1\" content=\"4 \u043c\u0438\u043d\u0443\u0442\u044b\" \/>\n<script type=\"application\/ld+json\" class=\"yoast-schema-graph\">{\"@context\":\"https:\/\/schema.org\",\"@graph\":[{\"@type\":\"WebPage\",\"@id\":\"https:\/\/estl.ee\/ru\/koolitused\/\",\"url\":\"https:\/\/estl.ee\/ru\/koolitused\/\",\"name\":\"Koolitused - Eesti Seksuaaltervise Liit\",\"isPartOf\":{\"@id\":\"https:\/\/estl.ee\/#website\"},\"primaryImageOfPage\":{\"@id\":\"https:\/\/estl.ee\/ru\/koolitused\/#primaryimage\"},\"image\":{\"@id\":\"https:\/\/estl.ee\/ru\/koolitused\/#primaryimage\"},\"thumbnailUrl\":\"https:\/\/estl.ee\/wp-content\/uploads\/sites\/7\/2023\/10\/MIS-ONSEKS-copy.png\",\"datePublished\":\"2020-08-25T13:08:40+00:00\",\"dateModified\":\"2025-06-11T09:06:57+00:00\",\"breadcrumb\":{\"@id\":\"https:\/\/estl.ee\/ru\/koolitused\/#breadcrumb\"},\"inLanguage\":\"ru-RU\",\"potentialAction\":[{\"@type\":\"ReadAction\",\"target\":[\"https:\/\/estl.ee\/ru\/koolitused\/\"]}]},{\"@type\":\"ImageObject\",\"inLanguage\":\"ru-RU\",\"@id\":\"https:\/\/estl.ee\/ru\/koolitused\/#primaryimage\",\"url\":\"https:\/\/estl.ee\/wp-content\/uploads\/sites\/7\/2023\/10\/MIS-ONSEKS-copy.png\",\"contentUrl\":\"https:\/\/estl.ee\/wp-content\/uploads\/sites\/7\/2023\/10\/MIS-ONSEKS-copy.png\",\"width\":1640,\"height\":924},{\"@type\":\"BreadcrumbList\",\"@id\":\"https:\/\/estl.ee\/ru\/koolitused\/#breadcrumb\",\"itemListElement\":[{\"@type\":\"ListItem\",\"position\":1,\"name\":\"Home\",\"item\":\"https:\/\/estl.ee\/\"},{\"@type\":\"ListItem\",\"position\":2,\"name\":\"Koolitused\"}]},{\"@type\":\"WebSite\",\"@id\":\"https:\/\/estl.ee\/#website\",\"url\":\"https:\/\/estl.ee\/\",\"name\":\"Eesti Seksuaaltervise Liit\",\"description\":\"Eesti Seksuaaltervise Liit on seksuaal- ja reproduktiivtervise ja \u2013 \u00f5iguste mittetulunduslik eestkosteorganisatsioon Eestis.\",\"potentialAction\":[{\"@type\":\"SearchAction\",\"target\":{\"@type\":\"EntryPoint\",\"urlTemplate\":\"https:\/\/estl.ee\/?s={search_term_string}\"},\"query-input\":{\"@type\":\"PropertyValueSpecification\",\"valueRequired\":true,\"valueName\":\"search_term_string\"}}],\"inLanguage\":\"ru-RU\"}]}<\/script>\n<!-- \/ Yoast SEO plugin. -->","yoast_head_json":{"title":"Koolitused - Eesti Seksuaaltervise Liit","robots":{"index":"index","follow":"follow","max-snippet":"max-snippet:-1","max-image-preview":"max-image-preview:large","max-video-preview":"max-video-preview:-1"},"canonical":"https:\/\/estl.ee\/ru\/koolitused\/","og_locale":"ru_RU","og_type":"article","og_title":"Koolitused - Eesti Seksuaaltervise Liit","og_description":"Eesti Seksuaaltervise Liit korraldab erinevaid koolitusi erinevatele sihtgruppidele. Vaata l\u00e4hemalt!","og_url":"https:\/\/estl.ee\/ru\/koolitused\/","og_site_name":"Eesti Seksuaaltervise Liit","article_modified_time":"2025-06-11T09:06:57+00:00","og_image":[{"width":1640,"height":924,"url":"https:\/\/estl.ee\/wp-content\/uploads\/sites\/7\/2023\/10\/MIS-ONSEKS-copy.png","type":"image\/png"}],"twitter_card":"summary_large_image","twitter_misc":{"\u041f\u0440\u0438\u043c\u0435\u0440\u043d\u043e\u0435 \u0432\u0440\u0435\u043c\u044f \u0434\u043b\u044f \u0447\u0442\u0435\u043d\u0438\u044f":"4 \u043c\u0438\u043d\u0443\u0442\u044b"},"schema":{"@context":"https:\/\/schema.org","@graph":[{"@type":"WebPage","@id":"https:\/\/estl.ee\/ru\/koolitused\/","url":"https:\/\/estl.ee\/ru\/koolitused\/","name":"Koolitused - Eesti Seksuaaltervise Liit","isPartOf":{"@id":"https:\/\/estl.ee\/#website"},"primaryImageOfPage":{"@id":"https:\/\/estl.ee\/ru\/koolitused\/#primaryimage"},"image":{"@id":"https:\/\/estl.ee\/ru\/koolitused\/#primaryimage"},"thumbnailUrl":"https:\/\/estl.ee\/wp-content\/uploads\/sites\/7\/2023\/10\/MIS-ONSEKS-copy.png","datePublished":"2020-08-25T13:08:40+00:00","dateModified":"2025-06-11T09:06:57+00:00","breadcrumb":{"@id":"https:\/\/estl.ee\/ru\/koolitused\/#breadcrumb"},"inLanguage":"ru-RU","potentialAction":[{"@type":"ReadAction","target":["https:\/\/estl.ee\/ru\/koolitused\/"]}]},{"@type":"ImageObject","inLanguage":"ru-RU","@id":"https:\/\/estl.ee\/ru\/koolitused\/#primaryimage","url":"https:\/\/estl.ee\/wp-content\/uploads\/sites\/7\/2023\/10\/MIS-ONSEKS-copy.png","contentUrl":"https:\/\/estl.ee\/wp-content\/uploads\/sites\/7\/2023\/10\/MIS-ONSEKS-copy.png","width":1640,"height":924},{"@type":"BreadcrumbList","@id":"https:\/\/estl.ee\/ru\/koolitused\/#breadcrumb","itemListElement":[{"@type":"ListItem","position":1,"name":"Home","item":"https:\/\/estl.ee\/"},{"@type":"ListItem","position":2,"name":"Koolitused"}]},{"@type":"WebSite","@id":"https:\/\/estl.ee\/#website","url":"https:\/\/estl.ee\/","name":"Eesti Seksuaaltervise Liit","description":"Eesti Seksuaaltervise Liit on seksuaal- ja reproduktiivtervise ja \u2013 \u00f5iguste mittetulunduslik eestkosteorganisatsioon Eestis.","potentialAction":[{"@type":"SearchAction","target":{"@type":"EntryPoint","urlTemplate":"https:\/\/estl.ee\/?s={search_term_string}"},"query-input":{"@type":"PropertyValueSpecification","valueRequired":true,"valueName":"search_term_string"}}],"inLanguage":"ru-RU"}]}},"_links":{"self":[{"href":"https:\/\/estl.ee\/ru\/wp-json\/wp\/v2\/pages\/1333","targetHints":{"allow":["GET"]}}],"collection":[{"href":"https:\/\/estl.ee\/ru\/wp-json\/wp\/v2\/pages"}],"about":[{"href":"https:\/\/estl.ee\/ru\/wp-json\/wp\/v2\/types\/page"}],"author":[{"embeddable":true,"href":"https:\/\/estl.ee\/ru\/wp-json\/wp\/v2\/users\/2"}],"replies":[{"embeddable":true,"href":"https:\/\/estl.ee\/ru\/wp-json\/wp\/v2\/comments?post=1333"}],"version-history":[{"count":11,"href":"https:\/\/estl.ee\/ru\/wp-json\/wp\/v2\/pages\/1333\/revisions"}],"predecessor-version":[{"id":66031,"href":"https:\/\/estl.ee\/ru\/wp-json\/wp\/v2\/pages\/1333\/revisions\/66031"}],"wp:featuredmedia":[{"embeddable":true,"href":"https:\/\/estl.ee\/ru\/wp-json\/wp\/v2\/media\/44267"}],"wp:attachment":[{"href":"https:\/\/estl.ee\/ru\/wp-json\/wp\/v2\/media?parent=1333"}],"curies":[{"name":"wp","href":"https:\/\/api.w.org\/{rel}","templated":true}]}}