{"id":1331,"date":"2020-08-26T10:23:55","date_gmt":"2020-08-26T10:23:55","guid":{"rendered":"https:\/\/seksuaaltervis.ee\/estl\/koolitused-tallinna-koolidele"},"modified":"2026-03-17T13:21:05","modified_gmt":"2026-03-17T10:21:05","slug":"kooliopilastele","status":"publish","type":"page","link":"https:\/\/estl.ee\/ru\/koolitused\/kooliopilastele\/","title":{"rendered":"Koolitused \u00f5pilastele"},"content":{"rendered":"\n<p>Seksuaalsus on inimeseks olemise keskne osa &#8212; k\u00f5ik inimesed s\u00fcnnivad seksuaalsete olenditena, ehkki iga inimese seksuaalsuse v\u00e4ljendus ja tunnetus on erinev. Laiap\u00f5hjaline ning noori kaasav seksuaalharidus annab r\u00f5\u00f5mupakkuvaks ning t\u00e4isv\u00e4\u00e4rtuslikuks eluks vajalikke teadmisi, kujundab hoiakuid ning aitab kaasa noorte isiksuse ja enesem\u00e4\u00e4ratluse positiivsele arengule.&nbsp;<br><br><strong>Seksuaalhariduse teemalised koolitused-vestlusringid<\/strong>&nbsp;annavad noortele teadmised seksuaal\u00f5igustest, oma kehast ja sellega toimuvast ning toetavad positiivseid ja tervislikke seksuaalsusega seotud hoiakuid. Koolitust kavandades ning l\u00e4bi viies kasutavad koolitajad konkreetse vanuseastme puhul erinevaid eakohaseid teemak\u00e4sitluse viise ning meetodeid.<\/p>\n\n\n\n<p><\/p>\n\n\n\n<p>Koolituse kestus 90 min.<br>Koolitusel osalejate arv maksimaalselt kuni 30.<\/p>\n\n\n\n<p><strong>Koolituse hind: <\/strong><br>Hind 300\u20ac+km<br><em>(v\u00e4ljaspool Tallinnat lisandub 0.5\u20ac\/km transpordikulu)<\/em><\/p>\n\n\n\n<p><a href=\"mailto:koolitus@estl.ee\" target=\"_blank\" rel=\"noreferrer noopener\">koolitus@estl.ee<\/a><\/p>\n","protected":false},"excerpt":{"rendered":"<p>Seksuaalsus on inimeseks olemise keskne osa &#8212; k\u00f5ik inimesed s\u00fcnnivad seksuaalsete olenditena, ehkki iga inimese seksuaalsuse v\u00e4ljendus ja tunnetus on erinev. Laiap\u00f5hjaline ning noori kaasav seksuaalharidus annab r\u00f5\u00f5mupakkuvaks ning t\u00e4isv\u00e4\u00e4rtuslikuks eluks vajalikke teadmisi, kujundab hoiakuid ning aitab kaasa noorte isiksuse ja enesem\u00e4\u00e4ratluse positiivsele arengule.&nbsp; Seksuaalhariduse teemalised koolitused-vestlusringid&nbsp;annavad noortele teadmised seksuaal\u00f5igustest, oma kehast ja sellega toimuvast [&hellip;]<\/p>\n","protected":false},"author":2,"featured_media":14790,"parent":1333,"menu_order":0,"comment_status":"closed","ping_status":"closed","template":"","meta":{"_acf_changed":false,"footnotes":""},"class_list":["post-1331","page","type-page","status-publish","has-post-thumbnail","hentry"],"acf":[],"yoast_head":"<!-- This site is optimized with the Yoast SEO plugin v25.3.1 - https:\/\/yoast.com\/wordpress\/plugins\/seo\/ -->\n<title>Koolitused \u00f5pilastele - Eesti Seksuaaltervise Liit<\/title>\n<meta name=\"robots\" content=\"index, follow, max-snippet:-1, max-image-preview:large, max-video-preview:-1\" \/>\n<link rel=\"canonical\" href=\"https:\/\/estl.ee\/ru\/koolitused\/kooliopilastele\/\" \/>\n<meta property=\"og:locale\" content=\"ru_RU\" \/>\n<meta property=\"og:type\" content=\"article\" \/>\n<meta property=\"og:title\" content=\"Koolitused \u00f5pilastele - Eesti Seksuaaltervise Liit\" \/>\n<meta property=\"og:description\" content=\"Seksuaalsus on inimeseks olemise keskne osa &#8212; k\u00f5ik inimesed s\u00fcnnivad seksuaalsete olenditena, ehkki iga inimese seksuaalsuse v\u00e4ljendus ja tunnetus on erinev. Laiap\u00f5hjaline ning noori kaasav seksuaalharidus annab r\u00f5\u00f5mupakkuvaks ning t\u00e4isv\u00e4\u00e4rtuslikuks eluks vajalikke teadmisi, kujundab hoiakuid ning aitab kaasa noorte isiksuse ja enesem\u00e4\u00e4ratluse positiivsele arengule.&nbsp; Seksuaalhariduse teemalised koolitused-vestlusringid&nbsp;annavad noortele teadmised seksuaal\u00f5igustest, oma kehast ja sellega toimuvast [&hellip;]\" \/>\n<meta property=\"og:url\" content=\"https:\/\/estl.ee\/ru\/koolitused\/kooliopilastele\/\" \/>\n<meta property=\"og:site_name\" content=\"Eesti Seksuaaltervise Liit\" \/>\n<meta property=\"article:modified_time\" content=\"2026-03-17T10:21:05+00:00\" \/>\n<meta property=\"og:image\" content=\"https:\/\/estl.ee\/wp-content\/uploads\/sites\/7\/2021\/10\/classroom-g7961bf7dc_1920.jpg\" \/>\n\t<meta property=\"og:image:width\" content=\"1920\" \/>\n\t<meta property=\"og:image:height\" content=\"1247\" \/>\n\t<meta property=\"og:image:type\" content=\"image\/jpeg\" \/>\n<meta name=\"twitter:card\" content=\"summary_large_image\" \/>\n<meta name=\"twitter:label1\" content=\"\u041f\u0440\u0438\u043c\u0435\u0440\u043d\u043e\u0435 \u0432\u0440\u0435\u043c\u044f \u0434\u043b\u044f \u0447\u0442\u0435\u043d\u0438\u044f\" \/>\n\t<meta name=\"twitter:data1\" content=\"1 \u043c\u0438\u043d\u0443\u0442\u0430\" \/>\n<script type=\"application\/ld+json\" class=\"yoast-schema-graph\">{\"@context\":\"https:\/\/schema.org\",\"@graph\":[{\"@type\":\"WebPage\",\"@id\":\"https:\/\/estl.ee\/ru\/koolitused\/kooliopilastele\/\",\"url\":\"https:\/\/estl.ee\/ru\/koolitused\/kooliopilastele\/\",\"name\":\"Koolitused \u00f5pilastele - Eesti Seksuaaltervise Liit\",\"isPartOf\":{\"@id\":\"https:\/\/estl.ee\/#website\"},\"primaryImageOfPage\":{\"@id\":\"https:\/\/estl.ee\/ru\/koolitused\/kooliopilastele\/#primaryimage\"},\"image\":{\"@id\":\"https:\/\/estl.ee\/ru\/koolitused\/kooliopilastele\/#primaryimage\"},\"thumbnailUrl\":\"https:\/\/estl.ee\/wp-content\/uploads\/sites\/7\/2021\/10\/classroom-g7961bf7dc_1920.jpg\",\"datePublished\":\"2020-08-26T10:23:55+00:00\",\"dateModified\":\"2026-03-17T10:21:05+00:00\",\"breadcrumb\":{\"@id\":\"https:\/\/estl.ee\/ru\/koolitused\/kooliopilastele\/#breadcrumb\"},\"inLanguage\":\"ru-RU\",\"potentialAction\":[{\"@type\":\"ReadAction\",\"target\":[\"https:\/\/estl.ee\/ru\/koolitused\/kooliopilastele\/\"]}]},{\"@type\":\"ImageObject\",\"inLanguage\":\"ru-RU\",\"@id\":\"https:\/\/estl.ee\/ru\/koolitused\/kooliopilastele\/#primaryimage\",\"url\":\"https:\/\/estl.ee\/wp-content\/uploads\/sites\/7\/2021\/10\/classroom-g7961bf7dc_1920.jpg\",\"contentUrl\":\"https:\/\/estl.ee\/wp-content\/uploads\/sites\/7\/2021\/10\/classroom-g7961bf7dc_1920.jpg\",\"width\":1920,\"height\":1247},{\"@type\":\"BreadcrumbList\",\"@id\":\"https:\/\/estl.ee\/ru\/koolitused\/kooliopilastele\/#breadcrumb\",\"itemListElement\":[{\"@type\":\"ListItem\",\"position\":1,\"name\":\"Home\",\"item\":\"https:\/\/estl.ee\/\"},{\"@type\":\"ListItem\",\"position\":2,\"name\":\"Koolitused\",\"item\":\"https:\/\/estl.ee\/ru\/koolitused\/\"},{\"@type\":\"ListItem\",\"position\":3,\"name\":\"Koolitused \u00f5pilastele\"}]},{\"@type\":\"WebSite\",\"@id\":\"https:\/\/estl.ee\/#website\",\"url\":\"https:\/\/estl.ee\/\",\"name\":\"Eesti Seksuaaltervise Liit\",\"description\":\"Eesti Seksuaaltervise Liit on seksuaal- ja reproduktiivtervise ja \u2013 \u00f5iguste mittetulunduslik eestkosteorganisatsioon Eestis.\",\"potentialAction\":[{\"@type\":\"SearchAction\",\"target\":{\"@type\":\"EntryPoint\",\"urlTemplate\":\"https:\/\/estl.ee\/?s={search_term_string}\"},\"query-input\":{\"@type\":\"PropertyValueSpecification\",\"valueRequired\":true,\"valueName\":\"search_term_string\"}}],\"inLanguage\":\"ru-RU\"}]}<\/script>\n<!-- \/ Yoast SEO plugin. -->","yoast_head_json":{"title":"Koolitused \u00f5pilastele - Eesti Seksuaaltervise Liit","robots":{"index":"index","follow":"follow","max-snippet":"max-snippet:-1","max-image-preview":"max-image-preview:large","max-video-preview":"max-video-preview:-1"},"canonical":"https:\/\/estl.ee\/ru\/koolitused\/kooliopilastele\/","og_locale":"ru_RU","og_type":"article","og_title":"Koolitused \u00f5pilastele - Eesti Seksuaaltervise Liit","og_description":"Seksuaalsus on inimeseks olemise keskne osa &#8212; k\u00f5ik inimesed s\u00fcnnivad seksuaalsete olenditena, ehkki iga inimese seksuaalsuse v\u00e4ljendus ja tunnetus on erinev. Laiap\u00f5hjaline ning noori kaasav seksuaalharidus annab r\u00f5\u00f5mupakkuvaks ning t\u00e4isv\u00e4\u00e4rtuslikuks eluks vajalikke teadmisi, kujundab hoiakuid ning aitab kaasa noorte isiksuse ja enesem\u00e4\u00e4ratluse positiivsele arengule.&nbsp; Seksuaalhariduse teemalised koolitused-vestlusringid&nbsp;annavad noortele teadmised seksuaal\u00f5igustest, oma kehast ja sellega toimuvast [&hellip;]","og_url":"https:\/\/estl.ee\/ru\/koolitused\/kooliopilastele\/","og_site_name":"Eesti Seksuaaltervise Liit","article_modified_time":"2026-03-17T10:21:05+00:00","og_image":[{"width":1920,"height":1247,"url":"https:\/\/estl.ee\/wp-content\/uploads\/sites\/7\/2021\/10\/classroom-g7961bf7dc_1920.jpg","type":"image\/jpeg"}],"twitter_card":"summary_large_image","twitter_misc":{"\u041f\u0440\u0438\u043c\u0435\u0440\u043d\u043e\u0435 \u0432\u0440\u0435\u043c\u044f \u0434\u043b\u044f \u0447\u0442\u0435\u043d\u0438\u044f":"1 \u043c\u0438\u043d\u0443\u0442\u0430"},"schema":{"@context":"https:\/\/schema.org","@graph":[{"@type":"WebPage","@id":"https:\/\/estl.ee\/ru\/koolitused\/kooliopilastele\/","url":"https:\/\/estl.ee\/ru\/koolitused\/kooliopilastele\/","name":"Koolitused \u00f5pilastele - Eesti Seksuaaltervise Liit","isPartOf":{"@id":"https:\/\/estl.ee\/#website"},"primaryImageOfPage":{"@id":"https:\/\/estl.ee\/ru\/koolitused\/kooliopilastele\/#primaryimage"},"image":{"@id":"https:\/\/estl.ee\/ru\/koolitused\/kooliopilastele\/#primaryimage"},"thumbnailUrl":"https:\/\/estl.ee\/wp-content\/uploads\/sites\/7\/2021\/10\/classroom-g7961bf7dc_1920.jpg","datePublished":"2020-08-26T10:23:55+00:00","dateModified":"2026-03-17T10:21:05+00:00","breadcrumb":{"@id":"https:\/\/estl.ee\/ru\/koolitused\/kooliopilastele\/#breadcrumb"},"inLanguage":"ru-RU","potentialAction":[{"@type":"ReadAction","target":["https:\/\/estl.ee\/ru\/koolitused\/kooliopilastele\/"]}]},{"@type":"ImageObject","inLanguage":"ru-RU","@id":"https:\/\/estl.ee\/ru\/koolitused\/kooliopilastele\/#primaryimage","url":"https:\/\/estl.ee\/wp-content\/uploads\/sites\/7\/2021\/10\/classroom-g7961bf7dc_1920.jpg","contentUrl":"https:\/\/estl.ee\/wp-content\/uploads\/sites\/7\/2021\/10\/classroom-g7961bf7dc_1920.jpg","width":1920,"height":1247},{"@type":"BreadcrumbList","@id":"https:\/\/estl.ee\/ru\/koolitused\/kooliopilastele\/#breadcrumb","itemListElement":[{"@type":"ListItem","position":1,"name":"Home","item":"https:\/\/estl.ee\/"},{"@type":"ListItem","position":2,"name":"Koolitused","item":"https:\/\/estl.ee\/ru\/koolitused\/"},{"@type":"ListItem","position":3,"name":"Koolitused \u00f5pilastele"}]},{"@type":"WebSite","@id":"https:\/\/estl.ee\/#website","url":"https:\/\/estl.ee\/","name":"Eesti Seksuaaltervise Liit","description":"Eesti Seksuaaltervise Liit on seksuaal- ja reproduktiivtervise ja \u2013 \u00f5iguste mittetulunduslik eestkosteorganisatsioon Eestis.","potentialAction":[{"@type":"SearchAction","target":{"@type":"EntryPoint","urlTemplate":"https:\/\/estl.ee\/?s={search_term_string}"},"query-input":{"@type":"PropertyValueSpecification","valueRequired":true,"valueName":"search_term_string"}}],"inLanguage":"ru-RU"}]}},"_links":{"self":[{"href":"https:\/\/estl.ee\/ru\/wp-json\/wp\/v2\/pages\/1331","targetHints":{"allow":["GET"]}}],"collection":[{"href":"https:\/\/estl.ee\/ru\/wp-json\/wp\/v2\/pages"}],"about":[{"href":"https:\/\/estl.ee\/ru\/wp-json\/wp\/v2\/types\/page"}],"author":[{"embeddable":true,"href":"https:\/\/estl.ee\/ru\/wp-json\/wp\/v2\/users\/2"}],"replies":[{"embeddable":true,"href":"https:\/\/estl.ee\/ru\/wp-json\/wp\/v2\/comments?post=1331"}],"version-history":[{"count":19,"href":"https:\/\/estl.ee\/ru\/wp-json\/wp\/v2\/pages\/1331\/revisions"}],"predecessor-version":[{"id":65015,"href":"https:\/\/estl.ee\/ru\/wp-json\/wp\/v2\/pages\/1331\/revisions\/65015"}],"up":[{"embeddable":true,"href":"https:\/\/estl.ee\/ru\/wp-json\/wp\/v2\/pages\/1333"}],"wp:featuredmedia":[{"embeddable":true,"href":"https:\/\/estl.ee\/ru\/wp-json\/wp\/v2\/media\/14790"}],"wp:attachment":[{"href":"https:\/\/estl.ee\/ru\/wp-json\/wp\/v2\/media?parent=1331"}],"curies":[{"name":"wp","href":"https:\/\/api.w.org\/{rel}","templated":true}]}}