{"id":1330,"date":"2020-08-26T10:24:47","date_gmt":"2020-08-26T10:24:47","guid":{"rendered":"https:\/\/seksuaaltervis.ee\/estl\/osalusteater"},"modified":"2026-04-08T15:56:00","modified_gmt":"2026-04-08T12:56:00","slug":"tasuta-koolitused","status":"publish","type":"page","link":"https:\/\/estl.ee\/ru\/koolitused\/tasuta-koolitused\/","title":{"rendered":"Tasuta koolitused"},"content":{"rendered":"\n<p>Eesti Seksuaaltervise Liit pakub v\u00f5imalusel ka erinevaid koolitusi, mis on osalejatele tasuta. <br>Tutvu aktiivsete koolituspakkumistega allpool.<\/p>\n","protected":false},"excerpt":{"rendered":"<p>\u00d5ppimisv\u00f5imalus noortele kui ka t\u00e4iskasvanutele!<\/p>\n","protected":false},"author":2,"featured_media":9641,"parent":1333,"menu_order":0,"comment_status":"closed","ping_status":"closed","template":"","meta":{"_acf_changed":false,"footnotes":""},"class_list":["post-1330","page","type-page","status-publish","has-post-thumbnail","hentry"],"acf":[],"yoast_head":"<!-- This site is optimized with the Yoast SEO plugin v25.3.1 - https:\/\/yoast.com\/wordpress\/plugins\/seo\/ -->\n<title>Tasuta koolitused - Eesti Seksuaaltervise Liit<\/title>\n<meta name=\"robots\" content=\"index, follow, max-snippet:-1, max-image-preview:large, max-video-preview:-1\" \/>\n<link rel=\"canonical\" href=\"https:\/\/estl.ee\/ru\/koolitused\/tasuta-koolitused\/\" \/>\n<meta property=\"og:locale\" content=\"ru_RU\" \/>\n<meta property=\"og:type\" content=\"article\" \/>\n<meta property=\"og:title\" content=\"Tasuta koolitused - Eesti Seksuaaltervise Liit\" \/>\n<meta property=\"og:description\" content=\"\u00d5ppimisv\u00f5imalus noortele kui ka t\u00e4iskasvanutele!\" \/>\n<meta property=\"og:url\" content=\"https:\/\/estl.ee\/ru\/koolitused\/tasuta-koolitused\/\" \/>\n<meta property=\"og:site_name\" content=\"Eesti Seksuaaltervise Liit\" \/>\n<meta property=\"article:modified_time\" content=\"2026-04-08T12:56:00+00:00\" \/>\n<meta property=\"og:image\" content=\"https:\/\/estl.ee\/wp-content\/uploads\/sites\/7\/2021\/05\/pexels-olia-danilevich-5088184-scaled.jpg\" \/>\n\t<meta property=\"og:image:width\" content=\"2560\" \/>\n\t<meta property=\"og:image:height\" content=\"1707\" \/>\n\t<meta property=\"og:image:type\" content=\"image\/jpeg\" \/>\n<meta name=\"twitter:card\" content=\"summary_large_image\" \/>\n<script type=\"application\/ld+json\" class=\"yoast-schema-graph\">{\"@context\":\"https:\/\/schema.org\",\"@graph\":[{\"@type\":\"WebPage\",\"@id\":\"https:\/\/estl.ee\/ru\/koolitused\/tasuta-koolitused\/\",\"url\":\"https:\/\/estl.ee\/ru\/koolitused\/tasuta-koolitused\/\",\"name\":\"Tasuta koolitused - Eesti Seksuaaltervise Liit\",\"isPartOf\":{\"@id\":\"https:\/\/estl.ee\/#website\"},\"primaryImageOfPage\":{\"@id\":\"https:\/\/estl.ee\/ru\/koolitused\/tasuta-koolitused\/#primaryimage\"},\"image\":{\"@id\":\"https:\/\/estl.ee\/ru\/koolitused\/tasuta-koolitused\/#primaryimage\"},\"thumbnailUrl\":\"https:\/\/estl.ee\/wp-content\/uploads\/sites\/7\/2021\/05\/pexels-olia-danilevich-5088184-scaled.jpg\",\"datePublished\":\"2020-08-26T10:24:47+00:00\",\"dateModified\":\"2026-04-08T12:56:00+00:00\",\"breadcrumb\":{\"@id\":\"https:\/\/estl.ee\/ru\/koolitused\/tasuta-koolitused\/#breadcrumb\"},\"inLanguage\":\"ru-RU\",\"potentialAction\":[{\"@type\":\"ReadAction\",\"target\":[\"https:\/\/estl.ee\/ru\/koolitused\/tasuta-koolitused\/\"]}]},{\"@type\":\"ImageObject\",\"inLanguage\":\"ru-RU\",\"@id\":\"https:\/\/estl.ee\/ru\/koolitused\/tasuta-koolitused\/#primaryimage\",\"url\":\"https:\/\/estl.ee\/wp-content\/uploads\/sites\/7\/2021\/05\/pexels-olia-danilevich-5088184-scaled.jpg\",\"contentUrl\":\"https:\/\/estl.ee\/wp-content\/uploads\/sites\/7\/2021\/05\/pexels-olia-danilevich-5088184-scaled.jpg\",\"width\":2560,\"height\":1707},{\"@type\":\"BreadcrumbList\",\"@id\":\"https:\/\/estl.ee\/ru\/koolitused\/tasuta-koolitused\/#breadcrumb\",\"itemListElement\":[{\"@type\":\"ListItem\",\"position\":1,\"name\":\"Home\",\"item\":\"https:\/\/estl.ee\/\"},{\"@type\":\"ListItem\",\"position\":2,\"name\":\"Koolitused\",\"item\":\"https:\/\/estl.ee\/ru\/koolitused\/\"},{\"@type\":\"ListItem\",\"position\":3,\"name\":\"Tasuta koolitused\"}]},{\"@type\":\"WebSite\",\"@id\":\"https:\/\/estl.ee\/#website\",\"url\":\"https:\/\/estl.ee\/\",\"name\":\"Eesti Seksuaaltervise Liit\",\"description\":\"Eesti Seksuaaltervise Liit on seksuaal- ja reproduktiivtervise ja \u2013 \u00f5iguste mittetulunduslik eestkosteorganisatsioon Eestis.\",\"potentialAction\":[{\"@type\":\"SearchAction\",\"target\":{\"@type\":\"EntryPoint\",\"urlTemplate\":\"https:\/\/estl.ee\/?s={search_term_string}\"},\"query-input\":{\"@type\":\"PropertyValueSpecification\",\"valueRequired\":true,\"valueName\":\"search_term_string\"}}],\"inLanguage\":\"ru-RU\"}]}<\/script>\n<!-- \/ Yoast SEO plugin. -->","yoast_head_json":{"title":"Tasuta koolitused - Eesti Seksuaaltervise Liit","robots":{"index":"index","follow":"follow","max-snippet":"max-snippet:-1","max-image-preview":"max-image-preview:large","max-video-preview":"max-video-preview:-1"},"canonical":"https:\/\/estl.ee\/ru\/koolitused\/tasuta-koolitused\/","og_locale":"ru_RU","og_type":"article","og_title":"Tasuta koolitused - Eesti Seksuaaltervise Liit","og_description":"\u00d5ppimisv\u00f5imalus noortele kui ka t\u00e4iskasvanutele!","og_url":"https:\/\/estl.ee\/ru\/koolitused\/tasuta-koolitused\/","og_site_name":"Eesti Seksuaaltervise Liit","article_modified_time":"2026-04-08T12:56:00+00:00","og_image":[{"width":2560,"height":1707,"url":"https:\/\/estl.ee\/wp-content\/uploads\/sites\/7\/2021\/05\/pexels-olia-danilevich-5088184-scaled.jpg","type":"image\/jpeg"}],"twitter_card":"summary_large_image","schema":{"@context":"https:\/\/schema.org","@graph":[{"@type":"WebPage","@id":"https:\/\/estl.ee\/ru\/koolitused\/tasuta-koolitused\/","url":"https:\/\/estl.ee\/ru\/koolitused\/tasuta-koolitused\/","name":"Tasuta koolitused - Eesti Seksuaaltervise Liit","isPartOf":{"@id":"https:\/\/estl.ee\/#website"},"primaryImageOfPage":{"@id":"https:\/\/estl.ee\/ru\/koolitused\/tasuta-koolitused\/#primaryimage"},"image":{"@id":"https:\/\/estl.ee\/ru\/koolitused\/tasuta-koolitused\/#primaryimage"},"thumbnailUrl":"https:\/\/estl.ee\/wp-content\/uploads\/sites\/7\/2021\/05\/pexels-olia-danilevich-5088184-scaled.jpg","datePublished":"2020-08-26T10:24:47+00:00","dateModified":"2026-04-08T12:56:00+00:00","breadcrumb":{"@id":"https:\/\/estl.ee\/ru\/koolitused\/tasuta-koolitused\/#breadcrumb"},"inLanguage":"ru-RU","potentialAction":[{"@type":"ReadAction","target":["https:\/\/estl.ee\/ru\/koolitused\/tasuta-koolitused\/"]}]},{"@type":"ImageObject","inLanguage":"ru-RU","@id":"https:\/\/estl.ee\/ru\/koolitused\/tasuta-koolitused\/#primaryimage","url":"https:\/\/estl.ee\/wp-content\/uploads\/sites\/7\/2021\/05\/pexels-olia-danilevich-5088184-scaled.jpg","contentUrl":"https:\/\/estl.ee\/wp-content\/uploads\/sites\/7\/2021\/05\/pexels-olia-danilevich-5088184-scaled.jpg","width":2560,"height":1707},{"@type":"BreadcrumbList","@id":"https:\/\/estl.ee\/ru\/koolitused\/tasuta-koolitused\/#breadcrumb","itemListElement":[{"@type":"ListItem","position":1,"name":"Home","item":"https:\/\/estl.ee\/"},{"@type":"ListItem","position":2,"name":"Koolitused","item":"https:\/\/estl.ee\/ru\/koolitused\/"},{"@type":"ListItem","position":3,"name":"Tasuta koolitused"}]},{"@type":"WebSite","@id":"https:\/\/estl.ee\/#website","url":"https:\/\/estl.ee\/","name":"Eesti Seksuaaltervise Liit","description":"Eesti Seksuaaltervise Liit on seksuaal- ja reproduktiivtervise ja \u2013 \u00f5iguste mittetulunduslik eestkosteorganisatsioon Eestis.","potentialAction":[{"@type":"SearchAction","target":{"@type":"EntryPoint","urlTemplate":"https:\/\/estl.ee\/?s={search_term_string}"},"query-input":{"@type":"PropertyValueSpecification","valueRequired":true,"valueName":"search_term_string"}}],"inLanguage":"ru-RU"}]}},"_links":{"self":[{"href":"https:\/\/estl.ee\/ru\/wp-json\/wp\/v2\/pages\/1330","targetHints":{"allow":["GET"]}}],"collection":[{"href":"https:\/\/estl.ee\/ru\/wp-json\/wp\/v2\/pages"}],"about":[{"href":"https:\/\/estl.ee\/ru\/wp-json\/wp\/v2\/types\/page"}],"author":[{"embeddable":true,"href":"https:\/\/estl.ee\/ru\/wp-json\/wp\/v2\/users\/2"}],"replies":[{"embeddable":true,"href":"https:\/\/estl.ee\/ru\/wp-json\/wp\/v2\/comments?post=1330"}],"version-history":[{"count":18,"href":"https:\/\/estl.ee\/ru\/wp-json\/wp\/v2\/pages\/1330\/revisions"}],"predecessor-version":[{"id":66034,"href":"https:\/\/estl.ee\/ru\/wp-json\/wp\/v2\/pages\/1330\/revisions\/66034"}],"up":[{"embeddable":true,"href":"https:\/\/estl.ee\/ru\/wp-json\/wp\/v2\/pages\/1333"}],"wp:featuredmedia":[{"embeddable":true,"href":"https:\/\/estl.ee\/ru\/wp-json\/wp\/v2\/media\/9641"}],"wp:attachment":[{"href":"https:\/\/estl.ee\/ru\/wp-json\/wp\/v2\/media?parent=1330"}],"curies":[{"name":"wp","href":"https:\/\/api.w.org\/{rel}","templated":true}]}}