{"id":1317,"date":"2020-08-31T09:52:25","date_gmt":"2020-08-31T09:52:25","guid":{"rendered":"https:\/\/seksuaaltervis.ee\/estl\/osalusteater-2"},"modified":"2025-03-12T15:26:31","modified_gmt":"2025-03-12T12:26:31","slug":"sugueiolesulugu","status":"publish","type":"page","link":"https:\/\/estl.ee\/ru\/sugueiolesulugu\/","title":{"rendered":"Sugu ei ole su lugu"},"content":{"rendered":"\n<p>Lapse sugu ei m\u00e4\u00e4ra, mis valdkonnas ta edukam on v\u00f5i millised on tema v\u00f5imed. Seistes vastu soostereot\u00fc\u00fcpidele nagu \u201cpoisse huvitabki tehnika rohkem\u201d v\u00f5i \u201ct\u00fcdrukud peaksid ikka k\u00e4sit\u00f6\u00f6d oskama\u201d, anname me lastele v\u00f5imaluse avastada enda t\u00f5elisi huvisid ning rakendada oma p\u00e4ris potentsiaali. Aktiivselt soostereot\u00fc\u00fcpidele vastu seistes innustame Miat avastama enda v\u00f5imekust informaatikas v\u00f5i ehitusteaduses ning julgustame Robinit haridust\u00f6\u00f6tajaks v\u00f5i baleriiniks saama. Mis oleks kui laseksime lapsel ise enda lugu kirjutada ja ei piiraks teda soostereot\u00fc\u00fcpidega?<\/p>\n\n\n\n<p>Soostereot\u00fc\u00fcbid on lihtsustavad ja \u00fcldistavad uskumused ja eelarvamused inimese v\u00f5i inimgrupi kohta, mis l\u00e4htuvad soolisest kuuluvusest. Need h\u00f5lmavad nii iseloomu, k\u00e4itumist, v\u00e4ljan\u00e4gemist, kui ka valitud eriala v\u00f5i ametit. Kehtivad soostereot\u00fc\u00fcbid loovad arusaama, et on olemas \u201c\u00f5ige\u201d mehelikkus ja naiselikkus.&nbsp;<\/p>\n\n\n\n<p>Mis te arvate, kui me ei piiraks inimesi enam soostereot\u00fc\u00fcpidega?<\/p>\n\n\n\n<figure class=\"wp-block-video\"><video height=\"1080\" style=\"aspect-ratio: 1920 \/ 1080;\" width=\"1920\" controls src=\"https:\/\/seksuaaltervis.ee\/wp-content\/uploads\/sites\/7\/2022\/03\/My-Movie-1-1-1.mp4\"><\/video><\/figure>\n\n\n\n<p class=\"has-small-font-size\">Projekti&nbsp;rahastavad Euroopa Liidu <em>\u00f5iguste, v\u00f5rd\u00f5iguslikkuse ja kodakondsuse programm (REC 2014 \u2013 2020) ning K\u00dcSK.<\/em><\/p>\n","protected":false},"excerpt":{"rendered":"<p>Lapse sugu ei m\u00e4\u00e4ra, mis valdkonnas ta edukam on v\u00f5i millised on tema v\u00f5imed.<\/p>\n","protected":false},"author":2,"featured_media":14790,"parent":0,"menu_order":0,"comment_status":"closed","ping_status":"closed","template":"","meta":{"_acf_changed":false,"footnotes":""},"class_list":["post-1317","page","type-page","status-publish","has-post-thumbnail","hentry"],"acf":[],"yoast_head":"<!-- This site is optimized with the Yoast SEO plugin v25.3.1 - https:\/\/yoast.com\/wordpress\/plugins\/seo\/ -->\n<title>Sugu ei ole su lugu - Eesti Seksuaaltervise Liit<\/title>\n<meta name=\"robots\" content=\"index, follow, max-snippet:-1, max-image-preview:large, max-video-preview:-1\" \/>\n<link rel=\"canonical\" href=\"https:\/\/estl.ee\/ru\/sugueiolesulugu\/\" \/>\n<meta property=\"og:locale\" content=\"ru_RU\" \/>\n<meta property=\"og:type\" content=\"article\" \/>\n<meta property=\"og:title\" content=\"Sugu ei ole su lugu - Eesti Seksuaaltervise Liit\" \/>\n<meta property=\"og:description\" content=\"Lapse sugu ei m\u00e4\u00e4ra, mis valdkonnas ta edukam on v\u00f5i millised on tema v\u00f5imed.\" \/>\n<meta property=\"og:url\" content=\"https:\/\/estl.ee\/ru\/sugueiolesulugu\/\" \/>\n<meta property=\"og:site_name\" content=\"Eesti Seksuaaltervise Liit\" \/>\n<meta property=\"article:modified_time\" content=\"2025-03-12T12:26:31+00:00\" \/>\n<meta property=\"og:image\" content=\"https:\/\/estl.ee\/wp-content\/uploads\/sites\/7\/2021\/10\/classroom-g7961bf7dc_1920.jpg\" \/>\n\t<meta property=\"og:image:width\" content=\"1920\" \/>\n\t<meta property=\"og:image:height\" content=\"1247\" \/>\n\t<meta property=\"og:image:type\" content=\"image\/jpeg\" \/>\n<meta name=\"twitter:card\" content=\"summary_large_image\" \/>\n<meta name=\"twitter:label1\" content=\"\u041f\u0440\u0438\u043c\u0435\u0440\u043d\u043e\u0435 \u0432\u0440\u0435\u043c\u044f \u0434\u043b\u044f \u0447\u0442\u0435\u043d\u0438\u044f\" \/>\n\t<meta name=\"twitter:data1\" content=\"1 \u043c\u0438\u043d\u0443\u0442\u0430\" \/>\n<script type=\"application\/ld+json\" class=\"yoast-schema-graph\">{\"@context\":\"https:\/\/schema.org\",\"@graph\":[{\"@type\":\"WebPage\",\"@id\":\"https:\/\/estl.ee\/ru\/sugueiolesulugu\/\",\"url\":\"https:\/\/estl.ee\/ru\/sugueiolesulugu\/\",\"name\":\"Sugu ei ole su lugu - Eesti Seksuaaltervise Liit\",\"isPartOf\":{\"@id\":\"https:\/\/estl.ee\/#website\"},\"primaryImageOfPage\":{\"@id\":\"https:\/\/estl.ee\/ru\/sugueiolesulugu\/#primaryimage\"},\"image\":{\"@id\":\"https:\/\/estl.ee\/ru\/sugueiolesulugu\/#primaryimage\"},\"thumbnailUrl\":\"https:\/\/estl.ee\/wp-content\/uploads\/sites\/7\/2021\/10\/classroom-g7961bf7dc_1920.jpg\",\"datePublished\":\"2020-08-31T09:52:25+00:00\",\"dateModified\":\"2025-03-12T12:26:31+00:00\",\"breadcrumb\":{\"@id\":\"https:\/\/estl.ee\/ru\/sugueiolesulugu\/#breadcrumb\"},\"inLanguage\":\"ru-RU\",\"potentialAction\":[{\"@type\":\"ReadAction\",\"target\":[\"https:\/\/estl.ee\/ru\/sugueiolesulugu\/\"]}]},{\"@type\":\"ImageObject\",\"inLanguage\":\"ru-RU\",\"@id\":\"https:\/\/estl.ee\/ru\/sugueiolesulugu\/#primaryimage\",\"url\":\"https:\/\/estl.ee\/wp-content\/uploads\/sites\/7\/2021\/10\/classroom-g7961bf7dc_1920.jpg\",\"contentUrl\":\"https:\/\/estl.ee\/wp-content\/uploads\/sites\/7\/2021\/10\/classroom-g7961bf7dc_1920.jpg\",\"width\":1920,\"height\":1247},{\"@type\":\"BreadcrumbList\",\"@id\":\"https:\/\/estl.ee\/ru\/sugueiolesulugu\/#breadcrumb\",\"itemListElement\":[{\"@type\":\"ListItem\",\"position\":1,\"name\":\"Home\",\"item\":\"https:\/\/estl.ee\/\"},{\"@type\":\"ListItem\",\"position\":2,\"name\":\"Sugu ei ole su lugu\"}]},{\"@type\":\"WebSite\",\"@id\":\"https:\/\/estl.ee\/#website\",\"url\":\"https:\/\/estl.ee\/\",\"name\":\"Eesti Seksuaaltervise Liit\",\"description\":\"Eesti Seksuaaltervise Liit on seksuaal- ja reproduktiivtervise ja \u2013 \u00f5iguste mittetulunduslik eestkosteorganisatsioon Eestis.\",\"potentialAction\":[{\"@type\":\"SearchAction\",\"target\":{\"@type\":\"EntryPoint\",\"urlTemplate\":\"https:\/\/estl.ee\/?s={search_term_string}\"},\"query-input\":{\"@type\":\"PropertyValueSpecification\",\"valueRequired\":true,\"valueName\":\"search_term_string\"}}],\"inLanguage\":\"ru-RU\"}]}<\/script>\n<!-- \/ Yoast SEO plugin. -->","yoast_head_json":{"title":"Sugu ei ole su lugu - Eesti Seksuaaltervise Liit","robots":{"index":"index","follow":"follow","max-snippet":"max-snippet:-1","max-image-preview":"max-image-preview:large","max-video-preview":"max-video-preview:-1"},"canonical":"https:\/\/estl.ee\/ru\/sugueiolesulugu\/","og_locale":"ru_RU","og_type":"article","og_title":"Sugu ei ole su lugu - Eesti Seksuaaltervise Liit","og_description":"Lapse sugu ei m\u00e4\u00e4ra, mis valdkonnas ta edukam on v\u00f5i millised on tema v\u00f5imed.","og_url":"https:\/\/estl.ee\/ru\/sugueiolesulugu\/","og_site_name":"Eesti Seksuaaltervise Liit","article_modified_time":"2025-03-12T12:26:31+00:00","og_image":[{"width":1920,"height":1247,"url":"https:\/\/estl.ee\/wp-content\/uploads\/sites\/7\/2021\/10\/classroom-g7961bf7dc_1920.jpg","type":"image\/jpeg"}],"twitter_card":"summary_large_image","twitter_misc":{"\u041f\u0440\u0438\u043c\u0435\u0440\u043d\u043e\u0435 \u0432\u0440\u0435\u043c\u044f \u0434\u043b\u044f \u0447\u0442\u0435\u043d\u0438\u044f":"1 \u043c\u0438\u043d\u0443\u0442\u0430"},"schema":{"@context":"https:\/\/schema.org","@graph":[{"@type":"WebPage","@id":"https:\/\/estl.ee\/ru\/sugueiolesulugu\/","url":"https:\/\/estl.ee\/ru\/sugueiolesulugu\/","name":"Sugu ei ole su lugu - Eesti Seksuaaltervise Liit","isPartOf":{"@id":"https:\/\/estl.ee\/#website"},"primaryImageOfPage":{"@id":"https:\/\/estl.ee\/ru\/sugueiolesulugu\/#primaryimage"},"image":{"@id":"https:\/\/estl.ee\/ru\/sugueiolesulugu\/#primaryimage"},"thumbnailUrl":"https:\/\/estl.ee\/wp-content\/uploads\/sites\/7\/2021\/10\/classroom-g7961bf7dc_1920.jpg","datePublished":"2020-08-31T09:52:25+00:00","dateModified":"2025-03-12T12:26:31+00:00","breadcrumb":{"@id":"https:\/\/estl.ee\/ru\/sugueiolesulugu\/#breadcrumb"},"inLanguage":"ru-RU","potentialAction":[{"@type":"ReadAction","target":["https:\/\/estl.ee\/ru\/sugueiolesulugu\/"]}]},{"@type":"ImageObject","inLanguage":"ru-RU","@id":"https:\/\/estl.ee\/ru\/sugueiolesulugu\/#primaryimage","url":"https:\/\/estl.ee\/wp-content\/uploads\/sites\/7\/2021\/10\/classroom-g7961bf7dc_1920.jpg","contentUrl":"https:\/\/estl.ee\/wp-content\/uploads\/sites\/7\/2021\/10\/classroom-g7961bf7dc_1920.jpg","width":1920,"height":1247},{"@type":"BreadcrumbList","@id":"https:\/\/estl.ee\/ru\/sugueiolesulugu\/#breadcrumb","itemListElement":[{"@type":"ListItem","position":1,"name":"Home","item":"https:\/\/estl.ee\/"},{"@type":"ListItem","position":2,"name":"Sugu ei ole su lugu"}]},{"@type":"WebSite","@id":"https:\/\/estl.ee\/#website","url":"https:\/\/estl.ee\/","name":"Eesti Seksuaaltervise Liit","description":"Eesti Seksuaaltervise Liit on seksuaal- ja reproduktiivtervise ja \u2013 \u00f5iguste mittetulunduslik eestkosteorganisatsioon Eestis.","potentialAction":[{"@type":"SearchAction","target":{"@type":"EntryPoint","urlTemplate":"https:\/\/estl.ee\/?s={search_term_string}"},"query-input":{"@type":"PropertyValueSpecification","valueRequired":true,"valueName":"search_term_string"}}],"inLanguage":"ru-RU"}]}},"_links":{"self":[{"href":"https:\/\/estl.ee\/ru\/wp-json\/wp\/v2\/pages\/1317","targetHints":{"allow":["GET"]}}],"collection":[{"href":"https:\/\/estl.ee\/ru\/wp-json\/wp\/v2\/pages"}],"about":[{"href":"https:\/\/estl.ee\/ru\/wp-json\/wp\/v2\/types\/page"}],"author":[{"embeddable":true,"href":"https:\/\/estl.ee\/ru\/wp-json\/wp\/v2\/users\/2"}],"replies":[{"embeddable":true,"href":"https:\/\/estl.ee\/ru\/wp-json\/wp\/v2\/comments?post=1317"}],"version-history":[{"count":19,"href":"https:\/\/estl.ee\/ru\/wp-json\/wp\/v2\/pages\/1317\/revisions"}],"predecessor-version":[{"id":65017,"href":"https:\/\/estl.ee\/ru\/wp-json\/wp\/v2\/pages\/1317\/revisions\/65017"}],"wp:featuredmedia":[{"embeddable":true,"href":"https:\/\/estl.ee\/ru\/wp-json\/wp\/v2\/media\/14790"}],"wp:attachment":[{"href":"https:\/\/estl.ee\/ru\/wp-json\/wp\/v2\/media?parent=1317"}],"curies":[{"name":"wp","href":"https:\/\/api.w.org\/{rel}","templated":true}]}}