{"id":1316,"date":"2020-08-31T09:56:19","date_gmt":"2020-08-31T09:56:19","guid":{"rendered":"https:\/\/seksuaaltervis.ee\/estl\/koolitused-lastevanematele"},"modified":"2026-03-17T12:56:34","modified_gmt":"2026-03-17T09:56:34","slug":"koolitused-lastevanematele","status":"publish","type":"page","link":"https:\/\/estl.ee\/ru\/koolitused\/koolitused-lastevanematele\/","title":{"rendered":"Koolitused lapsevanematele"},"content":{"rendered":"\n<p>Kasvamise k\u00e4igus saavad lapsed ja noored j\u00e4rk-j\u00e4rgult uusi teadmisi ja neil kujuneb oma ettekujutus, v\u00e4\u00e4rtused, hoiakud ja oskused seoses inimese keha, l\u00e4hisuhete ja seksuaalsusega. Selleks kasutavad nad v\u00e4ga erinevaid teabeallikaid. K\u00f5ige olulisemad neist, eriti varasematel arenguetappidel, on mitteformaalsed allikad, eriti lapsevanemad, kellel on k\u00f5ige suurem t\u00e4htsus noorimate laste elus.<\/p>\n\n\n\n<p>PS Koolitusi saab tellida ka e-koolitusena Zoomi platvormil.<\/p>\n","protected":false},"excerpt":{"rendered":"<p>Sellelt lehelt leiad info lapsevanematele suunatud koolituste kohta.<\/p>\n","protected":false},"author":2,"featured_media":5831,"parent":1333,"menu_order":0,"comment_status":"closed","ping_status":"closed","template":"","meta":{"_acf_changed":false,"footnotes":""},"class_list":["post-1316","page","type-page","status-publish","has-post-thumbnail","hentry"],"acf":[],"yoast_head":"<!-- This site is optimized with the Yoast SEO plugin v25.3.1 - https:\/\/yoast.com\/wordpress\/plugins\/seo\/ -->\n<title>Koolitused lapsevanematele - Eesti Seksuaaltervise Liit<\/title>\n<meta name=\"robots\" content=\"index, follow, max-snippet:-1, max-image-preview:large, max-video-preview:-1\" \/>\n<link rel=\"canonical\" href=\"https:\/\/estl.ee\/ru\/koolitused\/koolitused-lastevanematele\/\" \/>\n<meta property=\"og:locale\" content=\"ru_RU\" \/>\n<meta property=\"og:type\" content=\"article\" \/>\n<meta property=\"og:title\" content=\"Koolitused lapsevanematele - Eesti Seksuaaltervise Liit\" \/>\n<meta property=\"og:description\" content=\"Sellelt lehelt leiad info lapsevanematele suunatud koolituste kohta.\" \/>\n<meta property=\"og:url\" content=\"https:\/\/estl.ee\/ru\/koolitused\/koolitused-lastevanematele\/\" \/>\n<meta property=\"og:site_name\" content=\"Eesti Seksuaaltervise Liit\" \/>\n<meta property=\"article:modified_time\" content=\"2026-03-17T09:56:34+00:00\" \/>\n<meta property=\"og:image\" content=\"https:\/\/estl.ee\/wp-content\/uploads\/sites\/7\/2021\/01\/pexels-van-thang-1415131-1.jpg\" \/>\n\t<meta property=\"og:image:width\" content=\"1900\" \/>\n\t<meta property=\"og:image:height\" content=\"675\" \/>\n\t<meta property=\"og:image:type\" content=\"image\/jpeg\" \/>\n<meta name=\"twitter:card\" content=\"summary_large_image\" \/>\n<script type=\"application\/ld+json\" class=\"yoast-schema-graph\">{\"@context\":\"https:\/\/schema.org\",\"@graph\":[{\"@type\":\"WebPage\",\"@id\":\"https:\/\/estl.ee\/ru\/koolitused\/koolitused-lastevanematele\/\",\"url\":\"https:\/\/estl.ee\/ru\/koolitused\/koolitused-lastevanematele\/\",\"name\":\"Koolitused lapsevanematele - Eesti Seksuaaltervise Liit\",\"isPartOf\":{\"@id\":\"https:\/\/estl.ee\/#website\"},\"primaryImageOfPage\":{\"@id\":\"https:\/\/estl.ee\/ru\/koolitused\/koolitused-lastevanematele\/#primaryimage\"},\"image\":{\"@id\":\"https:\/\/estl.ee\/ru\/koolitused\/koolitused-lastevanematele\/#primaryimage\"},\"thumbnailUrl\":\"https:\/\/estl.ee\/wp-content\/uploads\/sites\/7\/2021\/01\/pexels-van-thang-1415131-1.jpg\",\"datePublished\":\"2020-08-31T09:56:19+00:00\",\"dateModified\":\"2026-03-17T09:56:34+00:00\",\"breadcrumb\":{\"@id\":\"https:\/\/estl.ee\/ru\/koolitused\/koolitused-lastevanematele\/#breadcrumb\"},\"inLanguage\":\"ru-RU\",\"potentialAction\":[{\"@type\":\"ReadAction\",\"target\":[\"https:\/\/estl.ee\/ru\/koolitused\/koolitused-lastevanematele\/\"]}]},{\"@type\":\"ImageObject\",\"inLanguage\":\"ru-RU\",\"@id\":\"https:\/\/estl.ee\/ru\/koolitused\/koolitused-lastevanematele\/#primaryimage\",\"url\":\"https:\/\/estl.ee\/wp-content\/uploads\/sites\/7\/2021\/01\/pexels-van-thang-1415131-1.jpg\",\"contentUrl\":\"https:\/\/estl.ee\/wp-content\/uploads\/sites\/7\/2021\/01\/pexels-van-thang-1415131-1.jpg\",\"width\":1900,\"height\":675},{\"@type\":\"BreadcrumbList\",\"@id\":\"https:\/\/estl.ee\/ru\/koolitused\/koolitused-lastevanematele\/#breadcrumb\",\"itemListElement\":[{\"@type\":\"ListItem\",\"position\":1,\"name\":\"Home\",\"item\":\"https:\/\/estl.ee\/\"},{\"@type\":\"ListItem\",\"position\":2,\"name\":\"Koolitused\",\"item\":\"https:\/\/estl.ee\/ru\/koolitused\/\"},{\"@type\":\"ListItem\",\"position\":3,\"name\":\"Koolitused lapsevanematele\"}]},{\"@type\":\"WebSite\",\"@id\":\"https:\/\/estl.ee\/#website\",\"url\":\"https:\/\/estl.ee\/\",\"name\":\"Eesti Seksuaaltervise Liit\",\"description\":\"Eesti Seksuaaltervise Liit on seksuaal- ja reproduktiivtervise ja \u2013 \u00f5iguste mittetulunduslik eestkosteorganisatsioon Eestis.\",\"potentialAction\":[{\"@type\":\"SearchAction\",\"target\":{\"@type\":\"EntryPoint\",\"urlTemplate\":\"https:\/\/estl.ee\/?s={search_term_string}\"},\"query-input\":{\"@type\":\"PropertyValueSpecification\",\"valueRequired\":true,\"valueName\":\"search_term_string\"}}],\"inLanguage\":\"ru-RU\"}]}<\/script>\n<!-- \/ Yoast SEO plugin. -->","yoast_head_json":{"title":"Koolitused lapsevanematele - Eesti Seksuaaltervise Liit","robots":{"index":"index","follow":"follow","max-snippet":"max-snippet:-1","max-image-preview":"max-image-preview:large","max-video-preview":"max-video-preview:-1"},"canonical":"https:\/\/estl.ee\/ru\/koolitused\/koolitused-lastevanematele\/","og_locale":"ru_RU","og_type":"article","og_title":"Koolitused lapsevanematele - Eesti Seksuaaltervise Liit","og_description":"Sellelt lehelt leiad info lapsevanematele suunatud koolituste kohta.","og_url":"https:\/\/estl.ee\/ru\/koolitused\/koolitused-lastevanematele\/","og_site_name":"Eesti Seksuaaltervise Liit","article_modified_time":"2026-03-17T09:56:34+00:00","og_image":[{"width":1900,"height":675,"url":"https:\/\/estl.ee\/wp-content\/uploads\/sites\/7\/2021\/01\/pexels-van-thang-1415131-1.jpg","type":"image\/jpeg"}],"twitter_card":"summary_large_image","schema":{"@context":"https:\/\/schema.org","@graph":[{"@type":"WebPage","@id":"https:\/\/estl.ee\/ru\/koolitused\/koolitused-lastevanematele\/","url":"https:\/\/estl.ee\/ru\/koolitused\/koolitused-lastevanematele\/","name":"Koolitused lapsevanematele - Eesti Seksuaaltervise Liit","isPartOf":{"@id":"https:\/\/estl.ee\/#website"},"primaryImageOfPage":{"@id":"https:\/\/estl.ee\/ru\/koolitused\/koolitused-lastevanematele\/#primaryimage"},"image":{"@id":"https:\/\/estl.ee\/ru\/koolitused\/koolitused-lastevanematele\/#primaryimage"},"thumbnailUrl":"https:\/\/estl.ee\/wp-content\/uploads\/sites\/7\/2021\/01\/pexels-van-thang-1415131-1.jpg","datePublished":"2020-08-31T09:56:19+00:00","dateModified":"2026-03-17T09:56:34+00:00","breadcrumb":{"@id":"https:\/\/estl.ee\/ru\/koolitused\/koolitused-lastevanematele\/#breadcrumb"},"inLanguage":"ru-RU","potentialAction":[{"@type":"ReadAction","target":["https:\/\/estl.ee\/ru\/koolitused\/koolitused-lastevanematele\/"]}]},{"@type":"ImageObject","inLanguage":"ru-RU","@id":"https:\/\/estl.ee\/ru\/koolitused\/koolitused-lastevanematele\/#primaryimage","url":"https:\/\/estl.ee\/wp-content\/uploads\/sites\/7\/2021\/01\/pexels-van-thang-1415131-1.jpg","contentUrl":"https:\/\/estl.ee\/wp-content\/uploads\/sites\/7\/2021\/01\/pexels-van-thang-1415131-1.jpg","width":1900,"height":675},{"@type":"BreadcrumbList","@id":"https:\/\/estl.ee\/ru\/koolitused\/koolitused-lastevanematele\/#breadcrumb","itemListElement":[{"@type":"ListItem","position":1,"name":"Home","item":"https:\/\/estl.ee\/"},{"@type":"ListItem","position":2,"name":"Koolitused","item":"https:\/\/estl.ee\/ru\/koolitused\/"},{"@type":"ListItem","position":3,"name":"Koolitused lapsevanematele"}]},{"@type":"WebSite","@id":"https:\/\/estl.ee\/#website","url":"https:\/\/estl.ee\/","name":"Eesti Seksuaaltervise Liit","description":"Eesti Seksuaaltervise Liit on seksuaal- ja reproduktiivtervise ja \u2013 \u00f5iguste mittetulunduslik eestkosteorganisatsioon Eestis.","potentialAction":[{"@type":"SearchAction","target":{"@type":"EntryPoint","urlTemplate":"https:\/\/estl.ee\/?s={search_term_string}"},"query-input":{"@type":"PropertyValueSpecification","valueRequired":true,"valueName":"search_term_string"}}],"inLanguage":"ru-RU"}]}},"_links":{"self":[{"href":"https:\/\/estl.ee\/ru\/wp-json\/wp\/v2\/pages\/1316","targetHints":{"allow":["GET"]}}],"collection":[{"href":"https:\/\/estl.ee\/ru\/wp-json\/wp\/v2\/pages"}],"about":[{"href":"https:\/\/estl.ee\/ru\/wp-json\/wp\/v2\/types\/page"}],"author":[{"embeddable":true,"href":"https:\/\/estl.ee\/ru\/wp-json\/wp\/v2\/users\/2"}],"replies":[{"embeddable":true,"href":"https:\/\/estl.ee\/ru\/wp-json\/wp\/v2\/comments?post=1316"}],"version-history":[{"count":9,"href":"https:\/\/estl.ee\/ru\/wp-json\/wp\/v2\/pages\/1316\/revisions"}],"predecessor-version":[{"id":68360,"href":"https:\/\/estl.ee\/ru\/wp-json\/wp\/v2\/pages\/1316\/revisions\/68360"}],"up":[{"embeddable":true,"href":"https:\/\/estl.ee\/ru\/wp-json\/wp\/v2\/pages\/1333"}],"wp:featuredmedia":[{"embeddable":true,"href":"https:\/\/estl.ee\/ru\/wp-json\/wp\/v2\/media\/5831"}],"wp:attachment":[{"href":"https:\/\/estl.ee\/ru\/wp-json\/wp\/v2\/media?parent=1316"}],"curies":[{"name":"wp","href":"https:\/\/api.w.org\/{rel}","templated":true}]}}