{"id":1315,"date":"2020-08-31T09:57:15","date_gmt":"2020-08-31T09:57:15","guid":{"rendered":"https:\/\/seksuaaltervis.ee\/estl\/koolitused-taiskasvanutele"},"modified":"2026-03-17T13:22:09","modified_gmt":"2026-03-17T10:22:09","slug":"koolitused-taiskasvanutele","status":"publish","type":"page","link":"https:\/\/estl.ee\/ru\/koolitused\/koolitused-taiskasvanutele\/","title":{"rendered":"Koolitused t\u00e4iskasvanutele"},"content":{"rendered":"\n<p><strong>Rahulolev ja terve inimene on igale ettev\u00f5ttele rikkuseks.Seksuaaltervise alane teadlikkus ja tervislikkust soosiv k\u00e4itumine on inimese heaolu ja tervise \u00fcheks aluseks. Seksuaalharidusest hakati meie koolides r\u00e4\u00e4kima alles 90ndatel, mis t\u00e4hendab, et paljud t\u00e4nased t\u00e4iskasvanud pole seksuaaltervise k\u00fcsimustes v\u00e4ga teadlikud ja rikuvad seet\u00f5ttu oma heaolu.<\/strong>&nbsp;<br><br>Hoolimata sellest, et Eesti on uute HIV nakatumiste poolest Euroopa Liidus teisel kohal, ei kasuta enam kui pooled eestimaalased juhusuhte seksuaalvahekorras kondoomi, selgus Tervise Arengu Instituudi uuringust \u201eEesti t\u00e4iskasvanud elanikkonna seksuaalk\u00e4itumine 2017\u201c.&nbsp;<br><br>Uuringus k\u00fcsiti ka p\u00f5hjusi, miks juhusuhtes kondoomi ei kasutatud. 30% vastanutest \u00fctles, et ei usu, et partneril v\u00f5iks olla m\u00f5ni sugulisel teel leviv haigus, 29% ei tulnud kondoomi kasutamine meelde ja veerand vastas, et kasutasid katkestatud vahekorda.&nbsp;<br><br>PS Koolitusi saab tellida ka e-koolitusena Zoomi platvormil.<\/p>\n","protected":false},"excerpt":{"rendered":"<p>Rahulolev ja terve inimene on igale ettev\u00f5ttele rikkuseks.Seksuaaltervise alane teadlikkus ja tervislikkust soosiv k\u00e4itumine on inimese heaolu ja tervise \u00fcheks aluseks. Seksuaalharidusest hakati meie koolides r\u00e4\u00e4kima alles 90ndatel, mis t\u00e4hendab, et paljud t\u00e4nased t\u00e4iskasvanud pole seksuaaltervise k\u00fcsimustes v\u00e4ga teadlikud ja rikuvad seet\u00f5ttu oma heaolu.&nbsp; Hoolimata sellest, et Eesti on uute HIV nakatumiste poolest Euroopa Liidus [&hellip;]<\/p>\n","protected":false},"author":2,"featured_media":5848,"parent":1333,"menu_order":0,"comment_status":"closed","ping_status":"closed","template":"","meta":{"_acf_changed":false,"footnotes":""},"class_list":["post-1315","page","type-page","status-publish","has-post-thumbnail","hentry"],"acf":[],"yoast_head":"<!-- This site is optimized with the Yoast SEO plugin v25.3.1 - https:\/\/yoast.com\/wordpress\/plugins\/seo\/ -->\n<title>Koolitused t\u00e4iskasvanutele - Eesti Seksuaaltervise Liit<\/title>\n<meta name=\"robots\" content=\"index, follow, max-snippet:-1, max-image-preview:large, max-video-preview:-1\" \/>\n<link rel=\"canonical\" href=\"https:\/\/estl.ee\/ru\/koolitused\/koolitused-taiskasvanutele\/\" \/>\n<meta property=\"og:locale\" content=\"ru_RU\" \/>\n<meta property=\"og:type\" content=\"article\" \/>\n<meta property=\"og:title\" content=\"Koolitused t\u00e4iskasvanutele - Eesti Seksuaaltervise Liit\" \/>\n<meta property=\"og:description\" content=\"Rahulolev ja terve inimene on igale ettev\u00f5ttele rikkuseks.Seksuaaltervise alane teadlikkus ja tervislikkust soosiv k\u00e4itumine on inimese heaolu ja tervise \u00fcheks aluseks. Seksuaalharidusest hakati meie koolides r\u00e4\u00e4kima alles 90ndatel, mis t\u00e4hendab, et paljud t\u00e4nased t\u00e4iskasvanud pole seksuaaltervise k\u00fcsimustes v\u00e4ga teadlikud ja rikuvad seet\u00f5ttu oma heaolu.&nbsp; Hoolimata sellest, et Eesti on uute HIV nakatumiste poolest Euroopa Liidus [&hellip;]\" \/>\n<meta property=\"og:url\" content=\"https:\/\/estl.ee\/ru\/koolitused\/koolitused-taiskasvanutele\/\" \/>\n<meta property=\"og:site_name\" content=\"Eesti Seksuaaltervise Liit\" \/>\n<meta property=\"article:modified_time\" content=\"2026-03-17T10:22:09+00:00\" \/>\n<meta property=\"og:image\" content=\"https:\/\/estl.ee\/wp-content\/uploads\/sites\/7\/2021\/01\/pexels-fauxels-3184434-1-scaled.jpg\" \/>\n\t<meta property=\"og:image:width\" content=\"2560\" \/>\n\t<meta property=\"og:image:height\" content=\"1708\" \/>\n\t<meta property=\"og:image:type\" content=\"image\/jpeg\" \/>\n<meta name=\"twitter:card\" content=\"summary_large_image\" \/>\n<meta name=\"twitter:label1\" content=\"\u041f\u0440\u0438\u043c\u0435\u0440\u043d\u043e\u0435 \u0432\u0440\u0435\u043c\u044f \u0434\u043b\u044f \u0447\u0442\u0435\u043d\u0438\u044f\" \/>\n\t<meta name=\"twitter:data1\" content=\"1 \u043c\u0438\u043d\u0443\u0442\u0430\" \/>\n<script type=\"application\/ld+json\" class=\"yoast-schema-graph\">{\"@context\":\"https:\/\/schema.org\",\"@graph\":[{\"@type\":\"WebPage\",\"@id\":\"https:\/\/estl.ee\/ru\/koolitused\/koolitused-taiskasvanutele\/\",\"url\":\"https:\/\/estl.ee\/ru\/koolitused\/koolitused-taiskasvanutele\/\",\"name\":\"Koolitused t\u00e4iskasvanutele - Eesti Seksuaaltervise Liit\",\"isPartOf\":{\"@id\":\"https:\/\/estl.ee\/#website\"},\"primaryImageOfPage\":{\"@id\":\"https:\/\/estl.ee\/ru\/koolitused\/koolitused-taiskasvanutele\/#primaryimage\"},\"image\":{\"@id\":\"https:\/\/estl.ee\/ru\/koolitused\/koolitused-taiskasvanutele\/#primaryimage\"},\"thumbnailUrl\":\"https:\/\/estl.ee\/wp-content\/uploads\/sites\/7\/2021\/01\/pexels-fauxels-3184434-1-scaled.jpg\",\"datePublished\":\"2020-08-31T09:57:15+00:00\",\"dateModified\":\"2026-03-17T10:22:09+00:00\",\"breadcrumb\":{\"@id\":\"https:\/\/estl.ee\/ru\/koolitused\/koolitused-taiskasvanutele\/#breadcrumb\"},\"inLanguage\":\"ru-RU\",\"potentialAction\":[{\"@type\":\"ReadAction\",\"target\":[\"https:\/\/estl.ee\/ru\/koolitused\/koolitused-taiskasvanutele\/\"]}]},{\"@type\":\"ImageObject\",\"inLanguage\":\"ru-RU\",\"@id\":\"https:\/\/estl.ee\/ru\/koolitused\/koolitused-taiskasvanutele\/#primaryimage\",\"url\":\"https:\/\/estl.ee\/wp-content\/uploads\/sites\/7\/2021\/01\/pexels-fauxels-3184434-1-scaled.jpg\",\"contentUrl\":\"https:\/\/estl.ee\/wp-content\/uploads\/sites\/7\/2021\/01\/pexels-fauxels-3184434-1-scaled.jpg\",\"width\":2560,\"height\":1708},{\"@type\":\"BreadcrumbList\",\"@id\":\"https:\/\/estl.ee\/ru\/koolitused\/koolitused-taiskasvanutele\/#breadcrumb\",\"itemListElement\":[{\"@type\":\"ListItem\",\"position\":1,\"name\":\"Home\",\"item\":\"https:\/\/estl.ee\/\"},{\"@type\":\"ListItem\",\"position\":2,\"name\":\"Koolitused\",\"item\":\"https:\/\/estl.ee\/ru\/koolitused\/\"},{\"@type\":\"ListItem\",\"position\":3,\"name\":\"Koolitused t\u00e4iskasvanutele\"}]},{\"@type\":\"WebSite\",\"@id\":\"https:\/\/estl.ee\/#website\",\"url\":\"https:\/\/estl.ee\/\",\"name\":\"Eesti Seksuaaltervise Liit\",\"description\":\"Eesti Seksuaaltervise Liit on seksuaal- ja reproduktiivtervise ja \u2013 \u00f5iguste mittetulunduslik eestkosteorganisatsioon Eestis.\",\"potentialAction\":[{\"@type\":\"SearchAction\",\"target\":{\"@type\":\"EntryPoint\",\"urlTemplate\":\"https:\/\/estl.ee\/?s={search_term_string}\"},\"query-input\":{\"@type\":\"PropertyValueSpecification\",\"valueRequired\":true,\"valueName\":\"search_term_string\"}}],\"inLanguage\":\"ru-RU\"}]}<\/script>\n<!-- \/ Yoast SEO plugin. -->","yoast_head_json":{"title":"Koolitused t\u00e4iskasvanutele - Eesti Seksuaaltervise Liit","robots":{"index":"index","follow":"follow","max-snippet":"max-snippet:-1","max-image-preview":"max-image-preview:large","max-video-preview":"max-video-preview:-1"},"canonical":"https:\/\/estl.ee\/ru\/koolitused\/koolitused-taiskasvanutele\/","og_locale":"ru_RU","og_type":"article","og_title":"Koolitused t\u00e4iskasvanutele - Eesti Seksuaaltervise Liit","og_description":"Rahulolev ja terve inimene on igale ettev\u00f5ttele rikkuseks.Seksuaaltervise alane teadlikkus ja tervislikkust soosiv k\u00e4itumine on inimese heaolu ja tervise \u00fcheks aluseks. Seksuaalharidusest hakati meie koolides r\u00e4\u00e4kima alles 90ndatel, mis t\u00e4hendab, et paljud t\u00e4nased t\u00e4iskasvanud pole seksuaaltervise k\u00fcsimustes v\u00e4ga teadlikud ja rikuvad seet\u00f5ttu oma heaolu.&nbsp; Hoolimata sellest, et Eesti on uute HIV nakatumiste poolest Euroopa Liidus [&hellip;]","og_url":"https:\/\/estl.ee\/ru\/koolitused\/koolitused-taiskasvanutele\/","og_site_name":"Eesti Seksuaaltervise Liit","article_modified_time":"2026-03-17T10:22:09+00:00","og_image":[{"width":2560,"height":1708,"url":"https:\/\/estl.ee\/wp-content\/uploads\/sites\/7\/2021\/01\/pexels-fauxels-3184434-1-scaled.jpg","type":"image\/jpeg"}],"twitter_card":"summary_large_image","twitter_misc":{"\u041f\u0440\u0438\u043c\u0435\u0440\u043d\u043e\u0435 \u0432\u0440\u0435\u043c\u044f \u0434\u043b\u044f \u0447\u0442\u0435\u043d\u0438\u044f":"1 \u043c\u0438\u043d\u0443\u0442\u0430"},"schema":{"@context":"https:\/\/schema.org","@graph":[{"@type":"WebPage","@id":"https:\/\/estl.ee\/ru\/koolitused\/koolitused-taiskasvanutele\/","url":"https:\/\/estl.ee\/ru\/koolitused\/koolitused-taiskasvanutele\/","name":"Koolitused t\u00e4iskasvanutele - Eesti Seksuaaltervise Liit","isPartOf":{"@id":"https:\/\/estl.ee\/#website"},"primaryImageOfPage":{"@id":"https:\/\/estl.ee\/ru\/koolitused\/koolitused-taiskasvanutele\/#primaryimage"},"image":{"@id":"https:\/\/estl.ee\/ru\/koolitused\/koolitused-taiskasvanutele\/#primaryimage"},"thumbnailUrl":"https:\/\/estl.ee\/wp-content\/uploads\/sites\/7\/2021\/01\/pexels-fauxels-3184434-1-scaled.jpg","datePublished":"2020-08-31T09:57:15+00:00","dateModified":"2026-03-17T10:22:09+00:00","breadcrumb":{"@id":"https:\/\/estl.ee\/ru\/koolitused\/koolitused-taiskasvanutele\/#breadcrumb"},"inLanguage":"ru-RU","potentialAction":[{"@type":"ReadAction","target":["https:\/\/estl.ee\/ru\/koolitused\/koolitused-taiskasvanutele\/"]}]},{"@type":"ImageObject","inLanguage":"ru-RU","@id":"https:\/\/estl.ee\/ru\/koolitused\/koolitused-taiskasvanutele\/#primaryimage","url":"https:\/\/estl.ee\/wp-content\/uploads\/sites\/7\/2021\/01\/pexels-fauxels-3184434-1-scaled.jpg","contentUrl":"https:\/\/estl.ee\/wp-content\/uploads\/sites\/7\/2021\/01\/pexels-fauxels-3184434-1-scaled.jpg","width":2560,"height":1708},{"@type":"BreadcrumbList","@id":"https:\/\/estl.ee\/ru\/koolitused\/koolitused-taiskasvanutele\/#breadcrumb","itemListElement":[{"@type":"ListItem","position":1,"name":"Home","item":"https:\/\/estl.ee\/"},{"@type":"ListItem","position":2,"name":"Koolitused","item":"https:\/\/estl.ee\/ru\/koolitused\/"},{"@type":"ListItem","position":3,"name":"Koolitused t\u00e4iskasvanutele"}]},{"@type":"WebSite","@id":"https:\/\/estl.ee\/#website","url":"https:\/\/estl.ee\/","name":"Eesti Seksuaaltervise Liit","description":"Eesti Seksuaaltervise Liit on seksuaal- ja reproduktiivtervise ja \u2013 \u00f5iguste mittetulunduslik eestkosteorganisatsioon Eestis.","potentialAction":[{"@type":"SearchAction","target":{"@type":"EntryPoint","urlTemplate":"https:\/\/estl.ee\/?s={search_term_string}"},"query-input":{"@type":"PropertyValueSpecification","valueRequired":true,"valueName":"search_term_string"}}],"inLanguage":"ru-RU"}]}},"_links":{"self":[{"href":"https:\/\/estl.ee\/ru\/wp-json\/wp\/v2\/pages\/1315","targetHints":{"allow":["GET"]}}],"collection":[{"href":"https:\/\/estl.ee\/ru\/wp-json\/wp\/v2\/pages"}],"about":[{"href":"https:\/\/estl.ee\/ru\/wp-json\/wp\/v2\/types\/page"}],"author":[{"embeddable":true,"href":"https:\/\/estl.ee\/ru\/wp-json\/wp\/v2\/users\/2"}],"replies":[{"embeddable":true,"href":"https:\/\/estl.ee\/ru\/wp-json\/wp\/v2\/comments?post=1315"}],"version-history":[{"count":7,"href":"https:\/\/estl.ee\/ru\/wp-json\/wp\/v2\/pages\/1315\/revisions"}],"predecessor-version":[{"id":68365,"href":"https:\/\/estl.ee\/ru\/wp-json\/wp\/v2\/pages\/1315\/revisions\/68365"}],"up":[{"embeddable":true,"href":"https:\/\/estl.ee\/ru\/wp-json\/wp\/v2\/pages\/1333"}],"wp:featuredmedia":[{"embeddable":true,"href":"https:\/\/estl.ee\/ru\/wp-json\/wp\/v2\/media\/5848"}],"wp:attachment":[{"href":"https:\/\/estl.ee\/ru\/wp-json\/wp\/v2\/media?parent=1315"}],"curies":[{"name":"wp","href":"https:\/\/api.w.org\/{rel}","templated":true}]}}