{"id":1294,"date":"2020-08-31T09:58:31","date_gmt":"2020-08-31T09:58:31","guid":{"rendered":"https:\/\/seksuaaltervis.ee\/estl\/koolitused-laste-ja-noortega-tootavatele-spetsialistidele"},"modified":"2026-03-17T13:19:18","modified_gmt":"2026-03-17T10:19:18","slug":"koolitused-laste-ja-noortega-tootavatele-spetsialistidele","status":"publish","type":"page","link":"https:\/\/estl.ee\/ru\/koolitused\/koolitused-laste-ja-noortega-tootavatele-spetsialistidele\/","title":{"rendered":"Koolitused laste ja noortega t\u00f6\u00f6tavatele spetsialistidele"},"content":{"rendered":"\n<p>Kasvamise k\u00e4igus saavad lapsed ja noored j\u00e4rk-j\u00e4rgult uusi teadmisi ja neil kujuneb oma ettekujutus, v\u00e4\u00e4rtused, hoiakud ja oskused seoses inimese keha, l\u00e4hisuhete ja seksuaalsusega. Selleks kasutavad nad v\u00e4ga erinevaid teabeallikaid. K\u00f5ige olulisemad neist, eriti varasematel arenguetappidel, on mitteformaalsed allikad, eriti lapsevanemad, kellel on k\u00f5ige suurem t\u00e4htsus noorimate laste elus. Olulisi teadmisi annavad aga ka haridus- ja kasvatuskeskkonnad, kus lapsed viibivad v\u00e4ljaspool kodu &#8212; lasteaed, kool, noortekeskus, treeniggrupid jne. On oluline, et k\u00f5ik need laste kasvamist toetavad osapooled teevad koost\u00f6\u00f6d seksuaalkasvatuse ja seksuaalhariduse andmisel.<\/p>\n\n\n\n<p>PS Koolitusi saab tellida ka e-koolitusena Zoomi platvormil.<\/p>\n","protected":false},"excerpt":{"rendered":"<p>Kasvamise k\u00e4igus saavad lapsed ja noored j\u00e4rk-j\u00e4rgult uusi teadmisi ja neil kujuneb oma ettekujutus, v\u00e4\u00e4rtused, hoiakud ja oskused seoses inimese keha, l\u00e4hisuhete ja seksuaalsusega. Selleks kasutavad nad v\u00e4ga erinevaid teabeallikaid. K\u00f5ige olulisemad neist, eriti varasematel arenguetappidel, on mitteformaalsed allikad, eriti lapsevanemad, kellel on k\u00f5ige suurem t\u00e4htsus noorimate laste elus. Olulisi teadmisi annavad aga ka haridus- [&hellip;]<\/p>\n","protected":false},"author":2,"featured_media":14798,"parent":1333,"menu_order":0,"comment_status":"closed","ping_status":"closed","template":"","meta":{"_acf_changed":false,"footnotes":""},"class_list":["post-1294","page","type-page","status-publish","has-post-thumbnail","hentry"],"acf":[],"yoast_head":"<!-- This site is optimized with the Yoast SEO plugin v25.3.1 - https:\/\/yoast.com\/wordpress\/plugins\/seo\/ -->\n<title>Koolitused laste ja noortega t\u00f6\u00f6tavatele spetsialistidele - Eesti Seksuaaltervise Liit<\/title>\n<meta name=\"robots\" content=\"index, follow, max-snippet:-1, max-image-preview:large, max-video-preview:-1\" \/>\n<link rel=\"canonical\" href=\"https:\/\/estl.ee\/ru\/koolitused\/koolitused-laste-ja-noortega-tootavatele-spetsialistidele\/\" \/>\n<meta property=\"og:locale\" content=\"ru_RU\" \/>\n<meta property=\"og:type\" content=\"article\" \/>\n<meta property=\"og:title\" content=\"Koolitused laste ja noortega t\u00f6\u00f6tavatele spetsialistidele - Eesti Seksuaaltervise Liit\" \/>\n<meta property=\"og:description\" content=\"Kasvamise k\u00e4igus saavad lapsed ja noored j\u00e4rk-j\u00e4rgult uusi teadmisi ja neil kujuneb oma ettekujutus, v\u00e4\u00e4rtused, hoiakud ja oskused seoses inimese keha, l\u00e4hisuhete ja seksuaalsusega. Selleks kasutavad nad v\u00e4ga erinevaid teabeallikaid. K\u00f5ige olulisemad neist, eriti varasematel arenguetappidel, on mitteformaalsed allikad, eriti lapsevanemad, kellel on k\u00f5ige suurem t\u00e4htsus noorimate laste elus. Olulisi teadmisi annavad aga ka haridus- [&hellip;]\" \/>\n<meta property=\"og:url\" content=\"https:\/\/estl.ee\/ru\/koolitused\/koolitused-laste-ja-noortega-tootavatele-spetsialistidele\/\" \/>\n<meta property=\"og:site_name\" content=\"Eesti Seksuaaltervise Liit\" \/>\n<meta property=\"article:modified_time\" content=\"2026-03-17T10:19:18+00:00\" \/>\n<meta property=\"og:image\" content=\"https:\/\/estl.ee\/wp-content\/uploads\/sites\/7\/2021\/10\/teacher-gb0e2859b4_1920.jpg\" \/>\n\t<meta property=\"og:image:width\" content=\"1920\" \/>\n\t<meta property=\"og:image:height\" content=\"1280\" \/>\n\t<meta property=\"og:image:type\" content=\"image\/jpeg\" \/>\n<meta name=\"twitter:card\" content=\"summary_large_image\" \/>\n<meta name=\"twitter:label1\" content=\"\u041f\u0440\u0438\u043c\u0435\u0440\u043d\u043e\u0435 \u0432\u0440\u0435\u043c\u044f \u0434\u043b\u044f \u0447\u0442\u0435\u043d\u0438\u044f\" \/>\n\t<meta name=\"twitter:data1\" content=\"1 \u043c\u0438\u043d\u0443\u0442\u0430\" \/>\n<script type=\"application\/ld+json\" class=\"yoast-schema-graph\">{\"@context\":\"https:\/\/schema.org\",\"@graph\":[{\"@type\":\"WebPage\",\"@id\":\"https:\/\/estl.ee\/ru\/koolitused\/koolitused-laste-ja-noortega-tootavatele-spetsialistidele\/\",\"url\":\"https:\/\/estl.ee\/ru\/koolitused\/koolitused-laste-ja-noortega-tootavatele-spetsialistidele\/\",\"name\":\"Koolitused laste ja noortega t\u00f6\u00f6tavatele spetsialistidele - Eesti Seksuaaltervise Liit\",\"isPartOf\":{\"@id\":\"https:\/\/estl.ee\/#website\"},\"primaryImageOfPage\":{\"@id\":\"https:\/\/estl.ee\/ru\/koolitused\/koolitused-laste-ja-noortega-tootavatele-spetsialistidele\/#primaryimage\"},\"image\":{\"@id\":\"https:\/\/estl.ee\/ru\/koolitused\/koolitused-laste-ja-noortega-tootavatele-spetsialistidele\/#primaryimage\"},\"thumbnailUrl\":\"https:\/\/estl.ee\/wp-content\/uploads\/sites\/7\/2021\/10\/teacher-gb0e2859b4_1920.jpg\",\"datePublished\":\"2020-08-31T09:58:31+00:00\",\"dateModified\":\"2026-03-17T10:19:18+00:00\",\"breadcrumb\":{\"@id\":\"https:\/\/estl.ee\/ru\/koolitused\/koolitused-laste-ja-noortega-tootavatele-spetsialistidele\/#breadcrumb\"},\"inLanguage\":\"ru-RU\",\"potentialAction\":[{\"@type\":\"ReadAction\",\"target\":[\"https:\/\/estl.ee\/ru\/koolitused\/koolitused-laste-ja-noortega-tootavatele-spetsialistidele\/\"]}]},{\"@type\":\"ImageObject\",\"inLanguage\":\"ru-RU\",\"@id\":\"https:\/\/estl.ee\/ru\/koolitused\/koolitused-laste-ja-noortega-tootavatele-spetsialistidele\/#primaryimage\",\"url\":\"https:\/\/estl.ee\/wp-content\/uploads\/sites\/7\/2021\/10\/teacher-gb0e2859b4_1920.jpg\",\"contentUrl\":\"https:\/\/estl.ee\/wp-content\/uploads\/sites\/7\/2021\/10\/teacher-gb0e2859b4_1920.jpg\",\"width\":1920,\"height\":1280},{\"@type\":\"BreadcrumbList\",\"@id\":\"https:\/\/estl.ee\/ru\/koolitused\/koolitused-laste-ja-noortega-tootavatele-spetsialistidele\/#breadcrumb\",\"itemListElement\":[{\"@type\":\"ListItem\",\"position\":1,\"name\":\"Home\",\"item\":\"https:\/\/estl.ee\/\"},{\"@type\":\"ListItem\",\"position\":2,\"name\":\"Koolitused\",\"item\":\"https:\/\/estl.ee\/ru\/koolitused\/\"},{\"@type\":\"ListItem\",\"position\":3,\"name\":\"Koolitused laste ja noortega t\u00f6\u00f6tavatele spetsialistidele\"}]},{\"@type\":\"WebSite\",\"@id\":\"https:\/\/estl.ee\/#website\",\"url\":\"https:\/\/estl.ee\/\",\"name\":\"Eesti Seksuaaltervise Liit\",\"description\":\"Eesti Seksuaaltervise Liit on seksuaal- ja reproduktiivtervise ja \u2013 \u00f5iguste mittetulunduslik eestkosteorganisatsioon Eestis.\",\"potentialAction\":[{\"@type\":\"SearchAction\",\"target\":{\"@type\":\"EntryPoint\",\"urlTemplate\":\"https:\/\/estl.ee\/?s={search_term_string}\"},\"query-input\":{\"@type\":\"PropertyValueSpecification\",\"valueRequired\":true,\"valueName\":\"search_term_string\"}}],\"inLanguage\":\"ru-RU\"}]}<\/script>\n<!-- \/ Yoast SEO plugin. -->","yoast_head_json":{"title":"Koolitused laste ja noortega t\u00f6\u00f6tavatele spetsialistidele - Eesti Seksuaaltervise Liit","robots":{"index":"index","follow":"follow","max-snippet":"max-snippet:-1","max-image-preview":"max-image-preview:large","max-video-preview":"max-video-preview:-1"},"canonical":"https:\/\/estl.ee\/ru\/koolitused\/koolitused-laste-ja-noortega-tootavatele-spetsialistidele\/","og_locale":"ru_RU","og_type":"article","og_title":"Koolitused laste ja noortega t\u00f6\u00f6tavatele spetsialistidele - Eesti Seksuaaltervise Liit","og_description":"Kasvamise k\u00e4igus saavad lapsed ja noored j\u00e4rk-j\u00e4rgult uusi teadmisi ja neil kujuneb oma ettekujutus, v\u00e4\u00e4rtused, hoiakud ja oskused seoses inimese keha, l\u00e4hisuhete ja seksuaalsusega. Selleks kasutavad nad v\u00e4ga erinevaid teabeallikaid. K\u00f5ige olulisemad neist, eriti varasematel arenguetappidel, on mitteformaalsed allikad, eriti lapsevanemad, kellel on k\u00f5ige suurem t\u00e4htsus noorimate laste elus. Olulisi teadmisi annavad aga ka haridus- [&hellip;]","og_url":"https:\/\/estl.ee\/ru\/koolitused\/koolitused-laste-ja-noortega-tootavatele-spetsialistidele\/","og_site_name":"Eesti Seksuaaltervise Liit","article_modified_time":"2026-03-17T10:19:18+00:00","og_image":[{"width":1920,"height":1280,"url":"https:\/\/estl.ee\/wp-content\/uploads\/sites\/7\/2021\/10\/teacher-gb0e2859b4_1920.jpg","type":"image\/jpeg"}],"twitter_card":"summary_large_image","twitter_misc":{"\u041f\u0440\u0438\u043c\u0435\u0440\u043d\u043e\u0435 \u0432\u0440\u0435\u043c\u044f \u0434\u043b\u044f \u0447\u0442\u0435\u043d\u0438\u044f":"1 \u043c\u0438\u043d\u0443\u0442\u0430"},"schema":{"@context":"https:\/\/schema.org","@graph":[{"@type":"WebPage","@id":"https:\/\/estl.ee\/ru\/koolitused\/koolitused-laste-ja-noortega-tootavatele-spetsialistidele\/","url":"https:\/\/estl.ee\/ru\/koolitused\/koolitused-laste-ja-noortega-tootavatele-spetsialistidele\/","name":"Koolitused laste ja noortega t\u00f6\u00f6tavatele spetsialistidele - Eesti Seksuaaltervise Liit","isPartOf":{"@id":"https:\/\/estl.ee\/#website"},"primaryImageOfPage":{"@id":"https:\/\/estl.ee\/ru\/koolitused\/koolitused-laste-ja-noortega-tootavatele-spetsialistidele\/#primaryimage"},"image":{"@id":"https:\/\/estl.ee\/ru\/koolitused\/koolitused-laste-ja-noortega-tootavatele-spetsialistidele\/#primaryimage"},"thumbnailUrl":"https:\/\/estl.ee\/wp-content\/uploads\/sites\/7\/2021\/10\/teacher-gb0e2859b4_1920.jpg","datePublished":"2020-08-31T09:58:31+00:00","dateModified":"2026-03-17T10:19:18+00:00","breadcrumb":{"@id":"https:\/\/estl.ee\/ru\/koolitused\/koolitused-laste-ja-noortega-tootavatele-spetsialistidele\/#breadcrumb"},"inLanguage":"ru-RU","potentialAction":[{"@type":"ReadAction","target":["https:\/\/estl.ee\/ru\/koolitused\/koolitused-laste-ja-noortega-tootavatele-spetsialistidele\/"]}]},{"@type":"ImageObject","inLanguage":"ru-RU","@id":"https:\/\/estl.ee\/ru\/koolitused\/koolitused-laste-ja-noortega-tootavatele-spetsialistidele\/#primaryimage","url":"https:\/\/estl.ee\/wp-content\/uploads\/sites\/7\/2021\/10\/teacher-gb0e2859b4_1920.jpg","contentUrl":"https:\/\/estl.ee\/wp-content\/uploads\/sites\/7\/2021\/10\/teacher-gb0e2859b4_1920.jpg","width":1920,"height":1280},{"@type":"BreadcrumbList","@id":"https:\/\/estl.ee\/ru\/koolitused\/koolitused-laste-ja-noortega-tootavatele-spetsialistidele\/#breadcrumb","itemListElement":[{"@type":"ListItem","position":1,"name":"Home","item":"https:\/\/estl.ee\/"},{"@type":"ListItem","position":2,"name":"Koolitused","item":"https:\/\/estl.ee\/ru\/koolitused\/"},{"@type":"ListItem","position":3,"name":"Koolitused laste ja noortega t\u00f6\u00f6tavatele spetsialistidele"}]},{"@type":"WebSite","@id":"https:\/\/estl.ee\/#website","url":"https:\/\/estl.ee\/","name":"Eesti Seksuaaltervise Liit","description":"Eesti Seksuaaltervise Liit on seksuaal- ja reproduktiivtervise ja \u2013 \u00f5iguste mittetulunduslik eestkosteorganisatsioon Eestis.","potentialAction":[{"@type":"SearchAction","target":{"@type":"EntryPoint","urlTemplate":"https:\/\/estl.ee\/?s={search_term_string}"},"query-input":{"@type":"PropertyValueSpecification","valueRequired":true,"valueName":"search_term_string"}}],"inLanguage":"ru-RU"}]}},"_links":{"self":[{"href":"https:\/\/estl.ee\/ru\/wp-json\/wp\/v2\/pages\/1294","targetHints":{"allow":["GET"]}}],"collection":[{"href":"https:\/\/estl.ee\/ru\/wp-json\/wp\/v2\/pages"}],"about":[{"href":"https:\/\/estl.ee\/ru\/wp-json\/wp\/v2\/types\/page"}],"author":[{"embeddable":true,"href":"https:\/\/estl.ee\/ru\/wp-json\/wp\/v2\/users\/2"}],"replies":[{"embeddable":true,"href":"https:\/\/estl.ee\/ru\/wp-json\/wp\/v2\/comments?post=1294"}],"version-history":[{"count":10,"href":"https:\/\/estl.ee\/ru\/wp-json\/wp\/v2\/pages\/1294\/revisions"}],"predecessor-version":[{"id":65020,"href":"https:\/\/estl.ee\/ru\/wp-json\/wp\/v2\/pages\/1294\/revisions\/65020"}],"up":[{"embeddable":true,"href":"https:\/\/estl.ee\/ru\/wp-json\/wp\/v2\/pages\/1333"}],"wp:featuredmedia":[{"embeddable":true,"href":"https:\/\/estl.ee\/ru\/wp-json\/wp\/v2\/media\/14798"}],"wp:attachment":[{"href":"https:\/\/estl.ee\/ru\/wp-json\/wp\/v2\/media?parent=1294"}],"curies":[{"name":"wp","href":"https:\/\/api.w.org\/{rel}","templated":true}]}}